{"id":68561,"date":"2024-03-22T16:12:12","date_gmt":"2024-03-22T15:12:12","guid":{"rendered":"https:\/\/abinox-chr-clim.com\/index.php\/product\/pince-de-service-a-code-couleur-hygiplas-300mm-rouge\/"},"modified":"2026-04-02T08:29:04","modified_gmt":"2026-04-02T06:29:04","slug":"pince-de-service-a-code-couleur-hygiplas-300mm-rouge","status":"publish","type":"product","link":"https:\/\/abinox-chr-clim.com\/index.php\/product\/pince-de-service-a-code-couleur-hygiplas-300mm-rouge\/","title":{"rendered":"Pince de service \u00e0 code couleur Hygiplas 300mm rouge"},"content":{"rendered":"<p>Les pinces de service en acier inoxydable recouvertes de vinyle et cod\u00e9es par couleur permettent d&rsquo;\u00e9viter toute contamination crois\u00e9e lors du service. De par leur conception, elles n&rsquo;offrent aucun creux ou pli pouvant contenir des bact\u00e9ries. Disponibles en 290mm ou 400mm de long pour r\u00e9pondre \u00e0 vos besoins.<br \/>Les poign\u00e9es recouvertes de vinyle augmentent l&rsquo;adh\u00e9rence pour un contr\u00f4le manuel complet. Sensation lisse vous aidant \u00e0 tourner, \u00e0 placer dans une assiette ou \u00e0 servir plus longtemps sans g\u00eane. Design hygi\u00e9nique et \u00e9l\u00e9gant qui ne laisse pas de place pour l&rsquo;accumulation des restes de nourriture. Le manque de creux ou plis assure que les pinces sont plus rapides et plus faciles \u00e0 nettoyer. Design ambidextre tout aussi confortable pour les gauchers que pour les droitiers. Poign\u00e9es rouges \u00e0 code couleur facilement identifiables pour une utilisation avec de la viande crue.  Les poign\u00e9es recouvertes de vinyle augmentent l&rsquo;adh\u00e9rence pour un contr\u00f4le manuel complet.<\/p>\n<p>Caract\u00e9ristiques :<br \/> Dimensions : 300(L) mm.<br \/> Mati\u00e8re : Acier inoxydable.<br \/> Couleur : Rouge.<\/p>\n","protected":false},"excerpt":{"rendered":"<p>Pince de service \u00e0 code couleur Hygiplas 300mm rouge<\/p>\n","protected":false},"featured_media":79758,"comment_status":"closed","ping_status":"closed","template":"","meta":[],"product_brand":[],"product_cat":[1064,1297,1098,1105],"product_tag":[],"class_list":{"0":"post-68561","1":"product","2":"type-product","3":"status-publish","4":"has-post-thumbnail","6":"product_cat-cuisine","7":"product_cat-non-palettisable","8":"product_cat-ustensiles-cuisine","9":"product_cat-ustensiles-de-service","10":"product_shipping_class-free-shipping","12":"first","13":"instock","14":"featured","15":"taxable","16":"shipping-taxable","17":"purchasable","18":"product-type-simple"},"_links":{"self":[{"href":"https:\/\/abinox-chr-clim.com\/index.php\/wp-json\/wp\/v2\/product\/68561","targetHints":{"allow":["GET"]}}],"collection":[{"href":"https:\/\/abinox-chr-clim.com\/index.php\/wp-json\/wp\/v2\/product"}],"about":[{"href":"https:\/\/abinox-chr-clim.com\/index.php\/wp-json\/wp\/v2\/types\/product"}],"replies":[{"embeddable":true,"href":"https:\/\/abinox-chr-clim.com\/index.php\/wp-json\/wp\/v2\/comments?post=68561"}],"wp:featuredmedia":[{"embeddable":true,"href":"https:\/\/abinox-chr-clim.com\/index.php\/wp-json\/wp\/v2\/media\/79758"}],"wp:attachment":[{"href":"https:\/\/abinox-chr-clim.com\/index.php\/wp-json\/wp\/v2\/media?parent=68561"}],"wp:term":[{"taxonomy":"product_brand","embeddable":true,"href":"https:\/\/abinox-chr-clim.com\/index.php\/wp-json\/wp\/v2\/product_brand?post=68561"},{"taxonomy":"product_cat","embeddable":true,"href":"https:\/\/abinox-chr-clim.com\/index.php\/wp-json\/wp\/v2\/product_cat?post=68561"},{"taxonomy":"product_tag","embeddable":true,"href":"https:\/\/abinox-chr-clim.com\/index.php\/wp-json\/wp\/v2\/product_tag?post=68561"}],"curies":[{"name":"wp","href":"https:\/\/api.w.org\/{rel}","templated":true}]}}