{"id":68556,"date":"2024-03-22T16:12:07","date_gmt":"2024-03-22T15:12:07","guid":{"rendered":"https:\/\/abinox-chr-clim.com\/index.php\/product\/distributeur-de-sauce-vogue-1l-rouge\/"},"modified":"2026-04-02T09:08:26","modified_gmt":"2026-04-02T07:08:26","slug":"distributeur-de-sauce-vogue-1l-rouge","status":"publish","type":"product","link":"https:\/\/abinox-chr-clim.com\/index.php\/product\/distributeur-de-sauce-vogue-1l-rouge\/","title":{"rendered":"Distributeur de sauce Vogue 1L rouge"},"content":{"rendered":"<p>Poly\u00e9thyl\u00e8ne souple et flexible avec bouchon \u00e0 vis. Code couleur pour la distribution de la sauce ou la d\u00e9coration. Remarque : Les buses doivent \u00eatre ajust\u00e9es selon la consistance de la sauce.<br \/>Poly\u00e9thyl\u00e8ne souple flexible. Bec viss\u00e9 et large pour un remplissage facile.Bec id\u00e9al pour la d\u00e9coration.Les becs doivent \u00eatre coup\u00e9s au diam\u00e8tre voulu. .Poly\u00e9thyl\u00e8ne souple flexible.<\/p>\n<p>Caract\u00e9ristiques :<br \/> Capacit\u00e9 : 99,4 cl.<br \/> Dimensions : 288(H) x 76(\u00d8) mm.<br \/> Mati\u00e8re : Poly\u00e9thyl\u00e8ne.<br \/> Couleur : Rouge.<\/p>\n","protected":false},"excerpt":{"rendered":"<p>Distributeur de sauce Vogue 1L rouge<\/p>\n","protected":false},"featured_media":103550,"comment_status":"closed","ping_status":"closed","template":"","meta":[],"product_brand":[],"product_cat":[1064,1297,1098,1104],"product_tag":[],"class_list":{"0":"post-68556","1":"product","2":"type-product","3":"status-publish","4":"has-post-thumbnail","6":"product_cat-cuisine","7":"product_cat-non-palettisable","8":"product_cat-ustensiles-cuisine","9":"product_cat-ustensiles-de-cuisine","10":"product_shipping_class-free-shipping","12":"first","13":"instock","14":"featured","15":"taxable","16":"shipping-taxable","17":"purchasable","18":"product-type-simple"},"_links":{"self":[{"href":"https:\/\/abinox-chr-clim.com\/index.php\/wp-json\/wp\/v2\/product\/68556","targetHints":{"allow":["GET"]}}],"collection":[{"href":"https:\/\/abinox-chr-clim.com\/index.php\/wp-json\/wp\/v2\/product"}],"about":[{"href":"https:\/\/abinox-chr-clim.com\/index.php\/wp-json\/wp\/v2\/types\/product"}],"replies":[{"embeddable":true,"href":"https:\/\/abinox-chr-clim.com\/index.php\/wp-json\/wp\/v2\/comments?post=68556"}],"wp:featuredmedia":[{"embeddable":true,"href":"https:\/\/abinox-chr-clim.com\/index.php\/wp-json\/wp\/v2\/media\/103550"}],"wp:attachment":[{"href":"https:\/\/abinox-chr-clim.com\/index.php\/wp-json\/wp\/v2\/media?parent=68556"}],"wp:term":[{"taxonomy":"product_brand","embeddable":true,"href":"https:\/\/abinox-chr-clim.com\/index.php\/wp-json\/wp\/v2\/product_brand?post=68556"},{"taxonomy":"product_cat","embeddable":true,"href":"https:\/\/abinox-chr-clim.com\/index.php\/wp-json\/wp\/v2\/product_cat?post=68556"},{"taxonomy":"product_tag","embeddable":true,"href":"https:\/\/abinox-chr-clim.com\/index.php\/wp-json\/wp\/v2\/product_tag?post=68556"}],"curies":[{"name":"wp","href":"https:\/\/api.w.org\/{rel}","templated":true}]}}