{"id":68554,"date":"2024-03-22T16:12:06","date_gmt":"2024-03-22T15:12:06","guid":{"rendered":"https:\/\/abinox-chr-clim.com\/index.php\/product\/chinois-manche-exoglass-matfer-bourgeat\/"},"modified":"2026-04-02T09:08:24","modified_gmt":"2026-04-02T07:08:24","slug":"chinois-manche-exoglass-matfer-bourgeat","status":"publish","type":"product","link":"https:\/\/abinox-chr-clim.com\/index.php\/product\/chinois-manche-exoglass-matfer-bourgeat\/","title":{"rendered":"Chinois manche exoglass Matfer Bourgeat"},"content":{"rendered":"<p>Manche Exoglass solide une pi\u00e8ce avec deux crochets. Passoire en maille acier de haute qualit\u00e9 et fils crois\u00e9s de protection.<br \/>Manche monobloc avec 2 pattes d&rsquo;appui. Toile fine en maille d&rsquo;acier inoxydable avec croisillons de renfort. Manche monobloc avec 2 pattes d&rsquo;appui. .<br \/> Caract\u00e9ristiques :<br \/> Mati\u00e8re : Acier.<br \/> Couleur : Noir.<\/p>\n","protected":false},"excerpt":{"rendered":"<p>Chinois manche exoglass Matfer Bourgeat<\/p>\n","protected":false},"featured_media":98047,"comment_status":"closed","ping_status":"closed","template":"","meta":[],"product_brand":[],"product_cat":[1064,1297,1098,1104],"product_tag":[],"class_list":{"0":"post-68554","1":"product","2":"type-product","3":"status-publish","4":"has-post-thumbnail","6":"product_cat-cuisine","7":"product_cat-non-palettisable","8":"product_cat-ustensiles-cuisine","9":"product_cat-ustensiles-de-cuisine","10":"product_shipping_class-free-shipping","12":"first","13":"instock","14":"featured","15":"taxable","16":"shipping-taxable","17":"purchasable","18":"product-type-simple"},"_links":{"self":[{"href":"https:\/\/abinox-chr-clim.com\/index.php\/wp-json\/wp\/v2\/product\/68554","targetHints":{"allow":["GET"]}}],"collection":[{"href":"https:\/\/abinox-chr-clim.com\/index.php\/wp-json\/wp\/v2\/product"}],"about":[{"href":"https:\/\/abinox-chr-clim.com\/index.php\/wp-json\/wp\/v2\/types\/product"}],"replies":[{"embeddable":true,"href":"https:\/\/abinox-chr-clim.com\/index.php\/wp-json\/wp\/v2\/comments?post=68554"}],"wp:featuredmedia":[{"embeddable":true,"href":"https:\/\/abinox-chr-clim.com\/index.php\/wp-json\/wp\/v2\/media\/98047"}],"wp:attachment":[{"href":"https:\/\/abinox-chr-clim.com\/index.php\/wp-json\/wp\/v2\/media?parent=68554"}],"wp:term":[{"taxonomy":"product_brand","embeddable":true,"href":"https:\/\/abinox-chr-clim.com\/index.php\/wp-json\/wp\/v2\/product_brand?post=68554"},{"taxonomy":"product_cat","embeddable":true,"href":"https:\/\/abinox-chr-clim.com\/index.php\/wp-json\/wp\/v2\/product_cat?post=68554"},{"taxonomy":"product_tag","embeddable":true,"href":"https:\/\/abinox-chr-clim.com\/index.php\/wp-json\/wp\/v2\/product_tag?post=68554"}],"curies":[{"name":"wp","href":"https:\/\/api.w.org\/{rel}","templated":true}]}}