{"id":68553,"date":"2024-03-22T16:12:06","date_gmt":"2024-03-22T15:12:06","guid":{"rendered":"https:\/\/abinox-chr-clim.com\/index.php\/product\/spatule-pleine-resistant-a-la-chaleur-matfer-bourgeat\/"},"modified":"2026-04-02T09:07:13","modified_gmt":"2026-04-02T07:07:13","slug":"spatule-pleine-resistant-a-la-chaleur-matfer-bourgeat","status":"publish","type":"product","link":"https:\/\/abinox-chr-clim.com\/index.php\/product\/spatule-pleine-resistant-a-la-chaleur-matfer-bourgeat\/","title":{"rendered":"Spatule pleine r\u00e9sistant \u00e0 la chaleur Matfer Bourgeat"},"content":{"rendered":"<p>Spatule pleine coud\u00e9e \u00e0 utiliser dans les po\u00eales anti-adh\u00e9sives. Spatule pleine coud\u00e9e \u00e0 utiliser dans les po\u00eales anti-adh\u00e9sives. .<br \/> Caract\u00e9ristiques :<br \/> Dimensions : 320(L) mm.<br \/> Mati\u00e8re : Exoglass<\/p>\n","protected":false},"excerpt":{"rendered":"<p>Spatule pleine r\u00e9sistant \u00e0 la chaleur Matfer Bourgeat<\/p>\n","protected":false},"featured_media":98710,"comment_status":"closed","ping_status":"closed","template":"","meta":[],"product_brand":[],"product_cat":[1064,1297,1098,1104],"product_tag":[],"class_list":{"0":"post-68553","1":"product","2":"type-product","3":"status-publish","4":"has-post-thumbnail","6":"product_cat-cuisine","7":"product_cat-non-palettisable","8":"product_cat-ustensiles-cuisine","9":"product_cat-ustensiles-de-cuisine","10":"product_shipping_class-free-shipping","12":"first","13":"outofstock","14":"featured","15":"taxable","16":"shipping-taxable","17":"purchasable","18":"product-type-simple"},"_links":{"self":[{"href":"https:\/\/abinox-chr-clim.com\/index.php\/wp-json\/wp\/v2\/product\/68553","targetHints":{"allow":["GET"]}}],"collection":[{"href":"https:\/\/abinox-chr-clim.com\/index.php\/wp-json\/wp\/v2\/product"}],"about":[{"href":"https:\/\/abinox-chr-clim.com\/index.php\/wp-json\/wp\/v2\/types\/product"}],"replies":[{"embeddable":true,"href":"https:\/\/abinox-chr-clim.com\/index.php\/wp-json\/wp\/v2\/comments?post=68553"}],"wp:featuredmedia":[{"embeddable":true,"href":"https:\/\/abinox-chr-clim.com\/index.php\/wp-json\/wp\/v2\/media\/98710"}],"wp:attachment":[{"href":"https:\/\/abinox-chr-clim.com\/index.php\/wp-json\/wp\/v2\/media?parent=68553"}],"wp:term":[{"taxonomy":"product_brand","embeddable":true,"href":"https:\/\/abinox-chr-clim.com\/index.php\/wp-json\/wp\/v2\/product_brand?post=68553"},{"taxonomy":"product_cat","embeddable":true,"href":"https:\/\/abinox-chr-clim.com\/index.php\/wp-json\/wp\/v2\/product_cat?post=68553"},{"taxonomy":"product_tag","embeddable":true,"href":"https:\/\/abinox-chr-clim.com\/index.php\/wp-json\/wp\/v2\/product_tag?post=68553"}],"curies":[{"name":"wp","href":"https:\/\/api.w.org\/{rel}","templated":true}]}}