{"id":68549,"date":"2024-03-22T16:12:04","date_gmt":"2024-03-22T15:12:04","guid":{"rendered":"https:\/\/abinox-chr-clim.com\/index.php\/product\/eplucheur-a-julienne-oxo\/"},"modified":"2026-04-02T09:05:25","modified_gmt":"2026-04-02T07:05:25","slug":"eplucheur-a-julienne-oxo","status":"publish","type":"product","link":"https:\/\/abinox-chr-clim.com\/index.php\/product\/eplucheur-a-julienne-oxo\/","title":{"rendered":"\u00c9plucheur \u00e0 julienne OXO"},"content":{"rendered":"<p>Manche en caoutchouc antid\u00e9rapant.<br \/>Manche antid\u00e9rapant absorbant la pression. Agr\u00e9able \u00e0 prendre en main. R\u00e9duit l&rsquo;effort physique. Acc\u00e9l\u00e8re la pr\u00e9paration des aliments. Augmente la s\u00e9curit\u00e9.  Manche antid\u00e9rapant absorbant la pression.<\/p>\n<p>Caract\u00e9ristiques :<br \/> Mati\u00e8re : Inox.<br \/> Couleur : Noir.<\/p>\n","protected":false},"excerpt":{"rendered":"<p>\u00c9plucheur \u00e0 julienne OXO<\/p>\n","protected":false},"featured_media":99232,"comment_status":"closed","ping_status":"closed","template":"","meta":[],"product_brand":[],"product_cat":[1064,1297,1098,1104],"product_tag":[],"class_list":{"0":"post-68549","1":"product","2":"type-product","3":"status-publish","4":"has-post-thumbnail","6":"product_cat-cuisine","7":"product_cat-non-palettisable","8":"product_cat-ustensiles-cuisine","9":"product_cat-ustensiles-de-cuisine","10":"product_shipping_class-free-shipping","12":"first","13":"instock","14":"featured","15":"taxable","16":"shipping-taxable","17":"purchasable","18":"product-type-simple"},"_links":{"self":[{"href":"https:\/\/abinox-chr-clim.com\/index.php\/wp-json\/wp\/v2\/product\/68549","targetHints":{"allow":["GET"]}}],"collection":[{"href":"https:\/\/abinox-chr-clim.com\/index.php\/wp-json\/wp\/v2\/product"}],"about":[{"href":"https:\/\/abinox-chr-clim.com\/index.php\/wp-json\/wp\/v2\/types\/product"}],"replies":[{"embeddable":true,"href":"https:\/\/abinox-chr-clim.com\/index.php\/wp-json\/wp\/v2\/comments?post=68549"}],"wp:featuredmedia":[{"embeddable":true,"href":"https:\/\/abinox-chr-clim.com\/index.php\/wp-json\/wp\/v2\/media\/99232"}],"wp:attachment":[{"href":"https:\/\/abinox-chr-clim.com\/index.php\/wp-json\/wp\/v2\/media?parent=68549"}],"wp:term":[{"taxonomy":"product_brand","embeddable":true,"href":"https:\/\/abinox-chr-clim.com\/index.php\/wp-json\/wp\/v2\/product_brand?post=68549"},{"taxonomy":"product_cat","embeddable":true,"href":"https:\/\/abinox-chr-clim.com\/index.php\/wp-json\/wp\/v2\/product_cat?post=68549"},{"taxonomy":"product_tag","embeddable":true,"href":"https:\/\/abinox-chr-clim.com\/index.php\/wp-json\/wp\/v2\/product_tag?post=68549"}],"curies":[{"name":"wp","href":"https:\/\/api.w.org\/{rel}","templated":true}]}}