{"id":68544,"date":"2024-03-22T16:12:02","date_gmt":"2024-03-22T15:12:02","guid":{"rendered":"https:\/\/abinox-chr-clim.com\/index.php\/product\/fouet-lourd-vogue-500mm\/"},"modified":"2026-04-02T09:02:09","modified_gmt":"2026-04-02T07:02:09","slug":"fouet-lourd-vogue-500mm","status":"publish","type":"product","link":"https:\/\/abinox-chr-clim.com\/index.php\/product\/fouet-lourd-vogue-500mm\/","title":{"rendered":"Fouet lourd Vogue 500mm"},"content":{"rendered":"<p>Solides fouets inox avec manches sans raccord. 8 fils lourds.<br \/>Huit fils lourds permettent de travailler facilement les p\u00e2tes \u00e9paisses et les sauces. Lavable au lave-vaisselle pour un nettoyage rapide et facile. La poign\u00e9e ergonomique permet une prise en main confortable pendant l&rsquo;utilisation. L&rsquo;acier inoxydable offre une excellente durabilit\u00e9. Scell\u00e9 par du plastique \u00e0 la base des fils pour \u00e9viter que du liquide ne p\u00e9n\u00e8tre dans les douilles.  Huit fils lourds permettent de travailler facilement les p\u00e2tes \u00e9paisses et les sauces.<\/p>\n<p>Caract\u00e9ristiques :<br \/> Dimensions : 505(L) mm.<br \/> Mati\u00e8re : Inox.<br \/> Couleur : Argent.<\/p>\n","protected":false},"excerpt":{"rendered":"<p>Fouet lourd Vogue 500mm<\/p>\n","protected":false},"featured_media":104868,"comment_status":"closed","ping_status":"closed","template":"","meta":[],"product_brand":[],"product_cat":[1064,1297,1098,1104],"product_tag":[],"class_list":{"0":"post-68544","1":"product","2":"type-product","3":"status-publish","4":"has-post-thumbnail","6":"product_cat-cuisine","7":"product_cat-non-palettisable","8":"product_cat-ustensiles-cuisine","9":"product_cat-ustensiles-de-cuisine","10":"product_shipping_class-free-shipping","12":"first","13":"instock","14":"featured","15":"taxable","16":"shipping-taxable","17":"purchasable","18":"product-type-simple"},"_links":{"self":[{"href":"https:\/\/abinox-chr-clim.com\/index.php\/wp-json\/wp\/v2\/product\/68544","targetHints":{"allow":["GET"]}}],"collection":[{"href":"https:\/\/abinox-chr-clim.com\/index.php\/wp-json\/wp\/v2\/product"}],"about":[{"href":"https:\/\/abinox-chr-clim.com\/index.php\/wp-json\/wp\/v2\/types\/product"}],"replies":[{"embeddable":true,"href":"https:\/\/abinox-chr-clim.com\/index.php\/wp-json\/wp\/v2\/comments?post=68544"}],"wp:featuredmedia":[{"embeddable":true,"href":"https:\/\/abinox-chr-clim.com\/index.php\/wp-json\/wp\/v2\/media\/104868"}],"wp:attachment":[{"href":"https:\/\/abinox-chr-clim.com\/index.php\/wp-json\/wp\/v2\/media?parent=68544"}],"wp:term":[{"taxonomy":"product_brand","embeddable":true,"href":"https:\/\/abinox-chr-clim.com\/index.php\/wp-json\/wp\/v2\/product_brand?post=68544"},{"taxonomy":"product_cat","embeddable":true,"href":"https:\/\/abinox-chr-clim.com\/index.php\/wp-json\/wp\/v2\/product_cat?post=68544"},{"taxonomy":"product_tag","embeddable":true,"href":"https:\/\/abinox-chr-clim.com\/index.php\/wp-json\/wp\/v2\/product_tag?post=68544"}],"curies":[{"name":"wp","href":"https:\/\/api.w.org\/{rel}","templated":true}]}}