{"id":68538,"date":"2024-03-22T16:11:59","date_gmt":"2024-03-22T15:11:59","guid":{"rendered":"https:\/\/abinox-chr-clim.com\/index.php\/product\/louche-vogue-250ml\/"},"modified":"2026-04-02T09:02:03","modified_gmt":"2026-04-02T07:02:03","slug":"louche-vogue-250ml","status":"publish","type":"product","link":"https:\/\/abinox-chr-clim.com\/index.php\/product\/louche-vogue-250ml\/","title":{"rendered":"Louche Vogue 250ml"},"content":{"rendered":"<p>En acier inoxydable de haute qualit\u00e9 avec manche \u00e0 crochet.<br \/>Parfait pour un contr\u00f4le constant des portions. Construction commerciale solide &#8211; con\u00e7ue pour une utilisation quotidienne. Construction en acier inoxydable facile \u00e0 nettoyer pour gagner du temps. Poign\u00e9e longue &#8211; am\u00e9liore la s\u00e9curit\u00e9 de l&rsquo;utilisateur. Poign\u00e9e \u00e0 crochet &#8211; facile \u00e0 acc\u00e9der et \u00e0 ranger.  Parfait pour un contr\u00f4le constant des portions.<\/p>\n<p>Caract\u00e9ristiques :<br \/> Mati\u00e8re : Inox.<br \/> Couleur : Argent.<\/p>\n","protected":false},"excerpt":{"rendered":"<p>Louche Vogue 250ml<\/p>\n","protected":false},"featured_media":104863,"comment_status":"closed","ping_status":"closed","template":"","meta":[],"product_brand":[],"product_cat":[1064,1297,1098,1104],"product_tag":[],"class_list":{"0":"post-68538","1":"product","2":"type-product","3":"status-publish","4":"has-post-thumbnail","6":"product_cat-cuisine","7":"product_cat-non-palettisable","8":"product_cat-ustensiles-cuisine","9":"product_cat-ustensiles-de-cuisine","10":"product_shipping_class-free-shipping","12":"first","13":"instock","14":"featured","15":"taxable","16":"shipping-taxable","17":"purchasable","18":"product-type-simple"},"_links":{"self":[{"href":"https:\/\/abinox-chr-clim.com\/index.php\/wp-json\/wp\/v2\/product\/68538","targetHints":{"allow":["GET"]}}],"collection":[{"href":"https:\/\/abinox-chr-clim.com\/index.php\/wp-json\/wp\/v2\/product"}],"about":[{"href":"https:\/\/abinox-chr-clim.com\/index.php\/wp-json\/wp\/v2\/types\/product"}],"replies":[{"embeddable":true,"href":"https:\/\/abinox-chr-clim.com\/index.php\/wp-json\/wp\/v2\/comments?post=68538"}],"wp:featuredmedia":[{"embeddable":true,"href":"https:\/\/abinox-chr-clim.com\/index.php\/wp-json\/wp\/v2\/media\/104863"}],"wp:attachment":[{"href":"https:\/\/abinox-chr-clim.com\/index.php\/wp-json\/wp\/v2\/media?parent=68538"}],"wp:term":[{"taxonomy":"product_brand","embeddable":true,"href":"https:\/\/abinox-chr-clim.com\/index.php\/wp-json\/wp\/v2\/product_brand?post=68538"},{"taxonomy":"product_cat","embeddable":true,"href":"https:\/\/abinox-chr-clim.com\/index.php\/wp-json\/wp\/v2\/product_cat?post=68538"},{"taxonomy":"product_tag","embeddable":true,"href":"https:\/\/abinox-chr-clim.com\/index.php\/wp-json\/wp\/v2\/product_tag?post=68538"}],"curies":[{"name":"wp","href":"https:\/\/api.w.org\/{rel}","templated":true}]}}