{"id":68535,"date":"2024-03-22T16:11:58","date_gmt":"2024-03-22T15:11:58","guid":{"rendered":"https:\/\/abinox-chr-clim.com\/index.php\/product\/pelle-a-frites-vogue-manche-cylindrique\/"},"modified":"2026-04-02T09:01:03","modified_gmt":"2026-04-02T07:01:03","slug":"pelle-a-frites-vogue-manche-cylindrique","status":"publish","type":"product","link":"https:\/\/abinox-chr-clim.com\/index.php\/product\/pelle-a-frites-vogue-manche-cylindrique\/","title":{"rendered":"Pelle \u00e0 frites Vogue manche cylindrique"},"content":{"rendered":"<p>En acier inoxydable avec manche tubulaire.<br \/>. Longueur: 260mm. Longueur du manche: 140mm. Largeur: 90mm.La poign\u00e9e tubulaire reste froide au toucher. Les c\u00f4t\u00e9s sur\u00e9lev\u00e9s assurent la s\u00e9curit\u00e9 du contenu. La t\u00eate perfor\u00e9e \u00e9vacue le liquide. L&rsquo;acier inoxydable est durable. Lavable au lave-vaisselle pour un nettoyage facile. .<br \/> Caract\u00e9ristiques :<br \/> Mati\u00e8re : Acier inoxydable.<br \/> Couleur : Argent.<\/p>\n","protected":false},"excerpt":{"rendered":"<p>Pelle \u00e0 frites Vogue manche cylindrique<\/p>\n","protected":false},"featured_media":104783,"comment_status":"closed","ping_status":"closed","template":"","meta":[],"product_brand":[],"product_cat":[1064,1297,1098,1104],"product_tag":[],"class_list":{"0":"post-68535","1":"product","2":"type-product","3":"status-publish","4":"has-post-thumbnail","6":"product_cat-cuisine","7":"product_cat-non-palettisable","8":"product_cat-ustensiles-cuisine","9":"product_cat-ustensiles-de-cuisine","10":"product_shipping_class-free-shipping","12":"first","13":"instock","14":"featured","15":"taxable","16":"shipping-taxable","17":"purchasable","18":"product-type-simple"},"_links":{"self":[{"href":"https:\/\/abinox-chr-clim.com\/index.php\/wp-json\/wp\/v2\/product\/68535","targetHints":{"allow":["GET"]}}],"collection":[{"href":"https:\/\/abinox-chr-clim.com\/index.php\/wp-json\/wp\/v2\/product"}],"about":[{"href":"https:\/\/abinox-chr-clim.com\/index.php\/wp-json\/wp\/v2\/types\/product"}],"replies":[{"embeddable":true,"href":"https:\/\/abinox-chr-clim.com\/index.php\/wp-json\/wp\/v2\/comments?post=68535"}],"wp:featuredmedia":[{"embeddable":true,"href":"https:\/\/abinox-chr-clim.com\/index.php\/wp-json\/wp\/v2\/media\/104783"}],"wp:attachment":[{"href":"https:\/\/abinox-chr-clim.com\/index.php\/wp-json\/wp\/v2\/media?parent=68535"}],"wp:term":[{"taxonomy":"product_brand","embeddable":true,"href":"https:\/\/abinox-chr-clim.com\/index.php\/wp-json\/wp\/v2\/product_brand?post=68535"},{"taxonomy":"product_cat","embeddable":true,"href":"https:\/\/abinox-chr-clim.com\/index.php\/wp-json\/wp\/v2\/product_cat?post=68535"},{"taxonomy":"product_tag","embeddable":true,"href":"https:\/\/abinox-chr-clim.com\/index.php\/wp-json\/wp\/v2\/product_tag?post=68535"}],"curies":[{"name":"wp","href":"https:\/\/api.w.org\/{rel}","templated":true}]}}