{"id":68523,"date":"2024-03-22T16:11:50","date_gmt":"2024-03-22T15:11:50","guid":{"rendered":"https:\/\/abinox-chr-clim.com\/index.php\/product\/spatule-anti-chaleur-vogue-406mm\/"},"modified":"2026-04-02T08:59:52","modified_gmt":"2026-04-02T06:59:52","slug":"spatule-anti-chaleur-vogue-406mm","status":"publish","type":"product","link":"https:\/\/abinox-chr-clim.com\/index.php\/product\/spatule-anti-chaleur-vogue-406mm\/","title":{"rendered":"Spatule anti-chaleur Vogue 406mm"},"content":{"rendered":"<p>Ne raye et ne fond pas. R\u00e9siste \u00e0 la chaleur jusqu&rsquo;\u00e0 260\u00b0C. R\u00e9sistant aux t\u00e2ches avec manche isol\u00e9 thermiquement et embout cuill\u00e8re.<br \/>R\u00e9sistance thermique maximale 260\u00b0C. Ne raye pas les plats et r\u00e9siste \u00e0 la chaleur.R\u00e9siste aux t\u00e2ches et manche isolant. R\u00e9sistance thermique maximale 260\u00b0C. .<br \/> Caract\u00e9ristiques :<br \/> Dimensions : 405(L) mm.<br \/> Mati\u00e8re : Silicone.<br \/> Couleur : Marron.<\/p>\n","protected":false},"excerpt":{"rendered":"<p>Spatule anti-chaleur Vogue 406mm<\/p>\n","protected":false},"featured_media":104673,"comment_status":"closed","ping_status":"closed","template":"","meta":[],"product_brand":[],"product_cat":[1064,1297,1098,1104],"product_tag":[],"class_list":{"0":"post-68523","1":"product","2":"type-product","3":"status-publish","4":"has-post-thumbnail","6":"product_cat-cuisine","7":"product_cat-non-palettisable","8":"product_cat-ustensiles-cuisine","9":"product_cat-ustensiles-de-cuisine","10":"product_shipping_class-free-shipping","12":"first","13":"instock","14":"featured","15":"taxable","16":"shipping-taxable","17":"purchasable","18":"product-type-simple"},"_links":{"self":[{"href":"https:\/\/abinox-chr-clim.com\/index.php\/wp-json\/wp\/v2\/product\/68523","targetHints":{"allow":["GET"]}}],"collection":[{"href":"https:\/\/abinox-chr-clim.com\/index.php\/wp-json\/wp\/v2\/product"}],"about":[{"href":"https:\/\/abinox-chr-clim.com\/index.php\/wp-json\/wp\/v2\/types\/product"}],"replies":[{"embeddable":true,"href":"https:\/\/abinox-chr-clim.com\/index.php\/wp-json\/wp\/v2\/comments?post=68523"}],"wp:featuredmedia":[{"embeddable":true,"href":"https:\/\/abinox-chr-clim.com\/index.php\/wp-json\/wp\/v2\/media\/104673"}],"wp:attachment":[{"href":"https:\/\/abinox-chr-clim.com\/index.php\/wp-json\/wp\/v2\/media?parent=68523"}],"wp:term":[{"taxonomy":"product_brand","embeddable":true,"href":"https:\/\/abinox-chr-clim.com\/index.php\/wp-json\/wp\/v2\/product_brand?post=68523"},{"taxonomy":"product_cat","embeddable":true,"href":"https:\/\/abinox-chr-clim.com\/index.php\/wp-json\/wp\/v2\/product_cat?post=68523"},{"taxonomy":"product_tag","embeddable":true,"href":"https:\/\/abinox-chr-clim.com\/index.php\/wp-json\/wp\/v2\/product_tag?post=68523"}],"curies":[{"name":"wp","href":"https:\/\/api.w.org\/{rel}","templated":true}]}}