{"id":68521,"date":"2024-03-22T16:11:49","date_gmt":"2024-03-22T15:11:49","guid":{"rendered":"https:\/\/abinox-chr-clim.com\/index.php\/product\/spatule-anti-chaleur-vogue-254mm\/"},"modified":"2026-04-02T08:59:49","modified_gmt":"2026-04-02T06:59:49","slug":"spatule-anti-chaleur-vogue-254mm","status":"publish","type":"product","link":"https:\/\/abinox-chr-clim.com\/index.php\/product\/spatule-anti-chaleur-vogue-254mm\/","title":{"rendered":"Spatule anti-chaleur Vogue 254mm"},"content":{"rendered":"<p>Ne raye et ne fond pas. R\u00e9siste \u00e0 la chaleur jusqu&rsquo;\u00e0 260\u00b0C. R\u00e9sistant aux t\u00e2ches avec manche isol\u00e9 thermiquement et embout cuill\u00e8re.<br \/>Fabriqu\u00e9 en plastique souple pour prot\u00e9ger vos casseroles. Design facile \u00e0 nettoyer pour gagner du temps &#8211; va au lave-vaisselle. Longue poign\u00e9e pour \u00e9loigner les mains de la source de chaleur. R\u00e9sistant \u00e0 la chaleur pour \u00e9viter les br\u00fblures. Trou dans la poign\u00e9e pour le rangement.  Fabriqu\u00e9 en plastique souple pour prot\u00e9ger vos casseroles.<\/p>\n<p>Caract\u00e9ristiques :<br \/> Dimensions : 102(L) mm.<br \/> Mati\u00e8re : Silicone.<br \/> Couleur : Marron.<\/p>\n","protected":false},"excerpt":{"rendered":"<p>Spatule anti-chaleur Vogue 254mm<\/p>\n","protected":false},"featured_media":104671,"comment_status":"closed","ping_status":"closed","template":"","meta":[],"product_brand":[],"product_cat":[1064,1297,1098,1104],"product_tag":[],"class_list":{"0":"post-68521","1":"product","2":"type-product","3":"status-publish","4":"has-post-thumbnail","6":"product_cat-cuisine","7":"product_cat-non-palettisable","8":"product_cat-ustensiles-cuisine","9":"product_cat-ustensiles-de-cuisine","10":"product_shipping_class-free-shipping","12":"first","13":"instock","14":"featured","15":"taxable","16":"shipping-taxable","17":"purchasable","18":"product-type-simple"},"_links":{"self":[{"href":"https:\/\/abinox-chr-clim.com\/index.php\/wp-json\/wp\/v2\/product\/68521","targetHints":{"allow":["GET"]}}],"collection":[{"href":"https:\/\/abinox-chr-clim.com\/index.php\/wp-json\/wp\/v2\/product"}],"about":[{"href":"https:\/\/abinox-chr-clim.com\/index.php\/wp-json\/wp\/v2\/types\/product"}],"replies":[{"embeddable":true,"href":"https:\/\/abinox-chr-clim.com\/index.php\/wp-json\/wp\/v2\/comments?post=68521"}],"wp:featuredmedia":[{"embeddable":true,"href":"https:\/\/abinox-chr-clim.com\/index.php\/wp-json\/wp\/v2\/media\/104671"}],"wp:attachment":[{"href":"https:\/\/abinox-chr-clim.com\/index.php\/wp-json\/wp\/v2\/media?parent=68521"}],"wp:term":[{"taxonomy":"product_brand","embeddable":true,"href":"https:\/\/abinox-chr-clim.com\/index.php\/wp-json\/wp\/v2\/product_brand?post=68521"},{"taxonomy":"product_cat","embeddable":true,"href":"https:\/\/abinox-chr-clim.com\/index.php\/wp-json\/wp\/v2\/product_cat?post=68521"},{"taxonomy":"product_tag","embeddable":true,"href":"https:\/\/abinox-chr-clim.com\/index.php\/wp-json\/wp\/v2\/product_tag?post=68521"}],"curies":[{"name":"wp","href":"https:\/\/api.w.org\/{rel}","templated":true}]}}