{"id":68520,"date":"2024-03-22T16:11:48","date_gmt":"2024-03-22T15:11:48","guid":{"rendered":"https:\/\/abinox-chr-clim.com\/index.php\/product\/spatule-haute-temperature-vogue-406mm\/"},"modified":"2026-04-02T08:59:42","modified_gmt":"2026-04-02T06:59:42","slug":"spatule-haute-temperature-vogue-406mm","status":"publish","type":"product","link":"https:\/\/abinox-chr-clim.com\/index.php\/product\/spatule-haute-temperature-vogue-406mm\/","title":{"rendered":"Spatule haute temp\u00e9rature Vogue 406mm"},"content":{"rendered":"<p>Ne raye et ne fond pas. R\u00e9siste \u00e0 la chaleur jusqu&rsquo;\u00e0 260\u00b0C et aux taches. Manche froid au toucher.<br \/>R\u00e9sistant \u00e0 la chaleur jusqu&rsquo;\u00e0 260\u00b0C pour une utilisation fiable \u00e0 haute temp\u00e9rature. La poign\u00e9e froide au toucher reste confortable lorsque l&rsquo;on travaille \u00e0 haute temp\u00e9rature. Design r\u00e9sistant aux taches &#8211; reste comme neuf plus longtemps. Lavable au lave-vaisselle pour \u00e9conomiser du temps et des efforts lors du nettoyage. Trou dans la poign\u00e9e &#8211; parfait pour un rangement peu encombrant et facile d&rsquo;acc\u00e8s. Le design caoutchout\u00e9 ne raye pas et ne marque pas vos casseroles, po\u00eales et r\u00e9cipients d\u00e9licats. Le design incurv\u00e9 permet de nettoyer facilement les bols et les casseroles afin de r\u00e9duire les d\u00e9chets alimentaires co\u00fbteux. La poign\u00e9e plus longue maintient les mains \u00e0 une distance s\u00fbre de la source de chaleur.R\u00e9sistant \u00e0 la chaleur jusqu&rsquo;\u00e0 260\u00b0C pour une utilisation fiable \u00e0 haute temp\u00e9rature.<\/p>\n<p>Caract\u00e9ristiques :<br \/> Dimensions : 405(L) mm.<br \/> Mati\u00e8re : Plastique r\u00e9sistant \u00e0 la chaleur.<br \/> Couleur : Marron.<\/p>\n","protected":false},"excerpt":{"rendered":"<p>Spatule haute temp\u00e9rature Vogue 406mm<\/p>\n","protected":false},"featured_media":104661,"comment_status":"closed","ping_status":"closed","template":"","meta":[],"product_brand":[],"product_cat":[1064,1297,1098,1104],"product_tag":[],"class_list":{"0":"post-68520","1":"product","2":"type-product","3":"status-publish","4":"has-post-thumbnail","6":"product_cat-cuisine","7":"product_cat-non-palettisable","8":"product_cat-ustensiles-cuisine","9":"product_cat-ustensiles-de-cuisine","10":"product_shipping_class-free-shipping","12":"first","13":"instock","14":"featured","15":"taxable","16":"shipping-taxable","17":"purchasable","18":"product-type-simple"},"_links":{"self":[{"href":"https:\/\/abinox-chr-clim.com\/index.php\/wp-json\/wp\/v2\/product\/68520","targetHints":{"allow":["GET"]}}],"collection":[{"href":"https:\/\/abinox-chr-clim.com\/index.php\/wp-json\/wp\/v2\/product"}],"about":[{"href":"https:\/\/abinox-chr-clim.com\/index.php\/wp-json\/wp\/v2\/types\/product"}],"replies":[{"embeddable":true,"href":"https:\/\/abinox-chr-clim.com\/index.php\/wp-json\/wp\/v2\/comments?post=68520"}],"wp:featuredmedia":[{"embeddable":true,"href":"https:\/\/abinox-chr-clim.com\/index.php\/wp-json\/wp\/v2\/media\/104661"}],"wp:attachment":[{"href":"https:\/\/abinox-chr-clim.com\/index.php\/wp-json\/wp\/v2\/media?parent=68520"}],"wp:term":[{"taxonomy":"product_brand","embeddable":true,"href":"https:\/\/abinox-chr-clim.com\/index.php\/wp-json\/wp\/v2\/product_brand?post=68520"},{"taxonomy":"product_cat","embeddable":true,"href":"https:\/\/abinox-chr-clim.com\/index.php\/wp-json\/wp\/v2\/product_cat?post=68520"},{"taxonomy":"product_tag","embeddable":true,"href":"https:\/\/abinox-chr-clim.com\/index.php\/wp-json\/wp\/v2\/product_tag?post=68520"}],"curies":[{"name":"wp","href":"https:\/\/api.w.org\/{rel}","templated":true}]}}