{"id":68518,"date":"2024-03-22T16:11:48","date_gmt":"2024-03-22T15:11:48","guid":{"rendered":"https:\/\/abinox-chr-clim.com\/index.php\/product\/spatule-haute-temperature-vogue-264mm\/"},"modified":"2026-04-02T08:59:40","modified_gmt":"2026-04-02T06:59:40","slug":"spatule-haute-temperature-vogue-264mm","status":"publish","type":"product","link":"https:\/\/abinox-chr-clim.com\/index.php\/product\/spatule-haute-temperature-vogue-264mm\/","title":{"rendered":"Spatule haute temp\u00e9rature Vogue 264mm"},"content":{"rendered":"<p>Ne raye et ne fond pas. R\u00e9siste \u00e0 la chaleur jusqu&rsquo;\u00e0 260\u00b0C et aux taches. Manche froid au toucher.<br \/>R\u00e9sistant \u00e0 la chaleur jusqu&rsquo;\u00e0 260 \u00b0C pour des performances exceptionnelles \u00e0 haute temp\u00e9rature. Le design caoutchout\u00e9 ne rayera pas ou ne marquera pas vos po\u00eales et casseroles d\u00e9licates. Sans danger pour une utilisation sur les ustensiles de cuisine antiadh\u00e9sifs sans endommager leur surface. Design incurv\u00e9 pour vider facilement les saladiers et les casseroles et r\u00e9duire le gaspillage alimentaire co\u00fbteux. Manche plus long pour garder les mains \u00e0 une distance s\u00fbre de la source de chaleur. Manche froid au toucher qui reste confortable \u00e0 tenir lorsque vous travaillez \u00e0 haute temp\u00e9rature. Le plastique r\u00e9sistant aux taches aura l&rsquo;air neuf longtemps. Passe au lave-vaisselle pour gagner du temps et r\u00e9duire les efforts en mati\u00e8re de nettoyage. Le trou dans le manche est parfait pour un rangement pratique et peu encombrant.R\u00e9sistant \u00e0 la chaleur jusqu&rsquo;\u00e0 260 \u00b0C pour des performances exceptionnelles \u00e0 haute temp\u00e9rature.<\/p>\n<p>Caract\u00e9ristiques :<br \/> Dimensions : 264(L) mm.<br \/> Mati\u00e8re : Plastique r\u00e9sistant \u00e0 la chaleur.<br \/> Couleur : Marron.<\/p>\n","protected":false},"excerpt":{"rendered":"<p>Spatule haute temp\u00e9rature Vogue 264mm<\/p>\n","protected":false},"featured_media":104659,"comment_status":"closed","ping_status":"closed","template":"","meta":[],"product_brand":[],"product_cat":[1064,1297,1098,1104],"product_tag":[],"class_list":{"0":"post-68518","1":"product","2":"type-product","3":"status-publish","4":"has-post-thumbnail","6":"product_cat-cuisine","7":"product_cat-non-palettisable","8":"product_cat-ustensiles-cuisine","9":"product_cat-ustensiles-de-cuisine","10":"product_shipping_class-free-shipping","12":"first","13":"instock","14":"featured","15":"taxable","16":"shipping-taxable","17":"purchasable","18":"product-type-simple"},"_links":{"self":[{"href":"https:\/\/abinox-chr-clim.com\/index.php\/wp-json\/wp\/v2\/product\/68518","targetHints":{"allow":["GET"]}}],"collection":[{"href":"https:\/\/abinox-chr-clim.com\/index.php\/wp-json\/wp\/v2\/product"}],"about":[{"href":"https:\/\/abinox-chr-clim.com\/index.php\/wp-json\/wp\/v2\/types\/product"}],"replies":[{"embeddable":true,"href":"https:\/\/abinox-chr-clim.com\/index.php\/wp-json\/wp\/v2\/comments?post=68518"}],"wp:featuredmedia":[{"embeddable":true,"href":"https:\/\/abinox-chr-clim.com\/index.php\/wp-json\/wp\/v2\/media\/104659"}],"wp:attachment":[{"href":"https:\/\/abinox-chr-clim.com\/index.php\/wp-json\/wp\/v2\/media?parent=68518"}],"wp:term":[{"taxonomy":"product_brand","embeddable":true,"href":"https:\/\/abinox-chr-clim.com\/index.php\/wp-json\/wp\/v2\/product_brand?post=68518"},{"taxonomy":"product_cat","embeddable":true,"href":"https:\/\/abinox-chr-clim.com\/index.php\/wp-json\/wp\/v2\/product_cat?post=68518"},{"taxonomy":"product_tag","embeddable":true,"href":"https:\/\/abinox-chr-clim.com\/index.php\/wp-json\/wp\/v2\/product_tag?post=68518"}],"curies":[{"name":"wp","href":"https:\/\/api.w.org\/{rel}","templated":true}]}}