{"id":68517,"date":"2024-03-22T16:11:47","date_gmt":"2024-03-22T15:11:47","guid":{"rendered":"https:\/\/abinox-chr-clim.com\/index.php\/product\/horloge-de-cuisine-vogue\/"},"modified":"2026-04-02T08:59:39","modified_gmt":"2026-04-02T06:59:39","slug":"horloge-de-cuisine-vogue","status":"publish","type":"product","link":"https:\/\/abinox-chr-clim.com\/index.php\/product\/horloge-de-cuisine-vogue\/","title":{"rendered":"Horloge de cuisine Vogue"},"content":{"rendered":"<p>ABS blanc. Fonctionne avec 1 pile AA (non fournie). 240(\u00d8)mm.<br \/>\nBo\u00eetier en plastique APS blanc r\u00e9sistant et durable pour les cuisines commerciales. Le cadran en plastique peut \u00eatre nettoy\u00e9 rapidement pour gagner du temps. Les marquages clairs et les grands chiffres sont faciles \u00e0 lire en un clin d&rsquo;\u0153il lorsque vous \u00eates occup\u00e9. Peut \u00eatre fix\u00e9 au mur pour une visibilit\u00e9 maximale dans votre cuisine. N\u00e9cessite une seule pile AA pour fonctionner &#8211; disponible s\u00e9par\u00e9ment (C 572). Bo\u00eetier en plastique APS blanc r\u00e9sistant et durable pour les cuisines commerciales.<\/p>\n<p>Caract\u00e9ristiques :<br \/>\nDimensions : 240(\u00d8) mm.<br \/>\nMati\u00e8re : Plastique.<br \/>\nCouleur : Blanc.<\/p>\n","protected":false},"excerpt":{"rendered":"<p>Horloge de cuisine Vogue<\/p>\n","protected":false},"featured_media":104658,"comment_status":"closed","ping_status":"closed","template":"","meta":[],"product_brand":[],"product_cat":[1064,1297,1098,1104],"product_tag":[],"class_list":{"0":"post-68517","1":"product","2":"type-product","3":"status-publish","4":"has-post-thumbnail","6":"product_cat-cuisine","7":"product_cat-non-palettisable","8":"product_cat-ustensiles-cuisine","9":"product_cat-ustensiles-de-cuisine","10":"product_shipping_class-free-shipping","12":"first","13":"instock","14":"featured","15":"taxable","16":"shipping-taxable","17":"purchasable","18":"product-type-simple"},"_links":{"self":[{"href":"https:\/\/abinox-chr-clim.com\/index.php\/wp-json\/wp\/v2\/product\/68517","targetHints":{"allow":["GET"]}}],"collection":[{"href":"https:\/\/abinox-chr-clim.com\/index.php\/wp-json\/wp\/v2\/product"}],"about":[{"href":"https:\/\/abinox-chr-clim.com\/index.php\/wp-json\/wp\/v2\/types\/product"}],"replies":[{"embeddable":true,"href":"https:\/\/abinox-chr-clim.com\/index.php\/wp-json\/wp\/v2\/comments?post=68517"}],"wp:featuredmedia":[{"embeddable":true,"href":"https:\/\/abinox-chr-clim.com\/index.php\/wp-json\/wp\/v2\/media\/104658"}],"wp:attachment":[{"href":"https:\/\/abinox-chr-clim.com\/index.php\/wp-json\/wp\/v2\/media?parent=68517"}],"wp:term":[{"taxonomy":"product_brand","embeddable":true,"href":"https:\/\/abinox-chr-clim.com\/index.php\/wp-json\/wp\/v2\/product_brand?post=68517"},{"taxonomy":"product_cat","embeddable":true,"href":"https:\/\/abinox-chr-clim.com\/index.php\/wp-json\/wp\/v2\/product_cat?post=68517"},{"taxonomy":"product_tag","embeddable":true,"href":"https:\/\/abinox-chr-clim.com\/index.php\/wp-json\/wp\/v2\/product_tag?post=68517"}],"curies":[{"name":"wp","href":"https:\/\/api.w.org\/{rel}","templated":true}]}}