{"id":68509,"date":"2024-03-22T16:11:44","date_gmt":"2024-03-22T15:11:44","guid":{"rendered":"https:\/\/abinox-chr-clim.com\/index.php\/product\/machine-a-pates-manuelle-imperia\/"},"modified":"2026-04-02T08:58:06","modified_gmt":"2026-04-02T06:58:06","slug":"machine-a-pates-manuelle-imperia","status":"publish","type":"product","link":"https:\/\/abinox-chr-clim.com\/index.php\/product\/machine-a-pates-manuelle-imperia\/","title":{"rendered":"Machine \u00e0 p\u00e2tes manuelle Imperia"},"content":{"rendered":"<p>Machine \u00e0 rouleaux tout en acier, pour des feuilles de p\u00e2tes de 23cm de large en 10 \u00e9paisseurs diff\u00e9rentes avec une \u00e9paisseur maximale de 10mm. 3 accessoires vendus s\u00e9par\u00e9ment. Accessoires disponibles en largeur de 2mm et 6,5mm. Disponible en version manuelle ou \u00e9lectrique.<br \/>Produit des feuilles de p\u00e2tes de 23cm. Epaisseur maximum des feuilles : 9.5mm. Cutters disponibles : 2mm et 6.5mm de large. R\u00e9f\u00e9rence soumise \u00e0 une Eco-participation mobilier de 0.6\u20ac par unit\u00e9 vendue.  Accessoires vendus s\u00e9par\u00e9ment. Produit des feuilles de p\u00e2tes de 23cm.<\/p>\n<p>Caract\u00e9ristiques :<br \/> Dimensions : 265(H) x 315(L) x 210(P)mm.<br \/> Mati\u00e8re : Inox.<br \/> Couleur : Argent.<\/p>\n","protected":false},"excerpt":{"rendered":"<p>Machine \u00e0 p\u00e2tes manuelle Imperia<\/p>\n","protected":false},"featured_media":104541,"comment_status":"closed","ping_status":"closed","template":"","meta":[],"product_brand":[],"product_cat":[1064,1297,1098,1104],"product_tag":[],"class_list":{"0":"post-68509","1":"product","2":"type-product","3":"status-publish","4":"has-post-thumbnail","6":"product_cat-cuisine","7":"product_cat-non-palettisable","8":"product_cat-ustensiles-cuisine","9":"product_cat-ustensiles-de-cuisine","10":"product_shipping_class-free-shipping","12":"first","13":"instock","14":"featured","15":"taxable","16":"shipping-taxable","17":"purchasable","18":"product-type-simple"},"_links":{"self":[{"href":"https:\/\/abinox-chr-clim.com\/index.php\/wp-json\/wp\/v2\/product\/68509","targetHints":{"allow":["GET"]}}],"collection":[{"href":"https:\/\/abinox-chr-clim.com\/index.php\/wp-json\/wp\/v2\/product"}],"about":[{"href":"https:\/\/abinox-chr-clim.com\/index.php\/wp-json\/wp\/v2\/types\/product"}],"replies":[{"embeddable":true,"href":"https:\/\/abinox-chr-clim.com\/index.php\/wp-json\/wp\/v2\/comments?post=68509"}],"wp:featuredmedia":[{"embeddable":true,"href":"https:\/\/abinox-chr-clim.com\/index.php\/wp-json\/wp\/v2\/media\/104541"}],"wp:attachment":[{"href":"https:\/\/abinox-chr-clim.com\/index.php\/wp-json\/wp\/v2\/media?parent=68509"}],"wp:term":[{"taxonomy":"product_brand","embeddable":true,"href":"https:\/\/abinox-chr-clim.com\/index.php\/wp-json\/wp\/v2\/product_brand?post=68509"},{"taxonomy":"product_cat","embeddable":true,"href":"https:\/\/abinox-chr-clim.com\/index.php\/wp-json\/wp\/v2\/product_cat?post=68509"},{"taxonomy":"product_tag","embeddable":true,"href":"https:\/\/abinox-chr-clim.com\/index.php\/wp-json\/wp\/v2\/product_tag?post=68509"}],"curies":[{"name":"wp","href":"https:\/\/api.w.org\/{rel}","templated":true}]}}