{"id":68506,"date":"2024-03-22T16:11:43","date_gmt":"2024-03-22T15:11:43","guid":{"rendered":"https:\/\/abinox-chr-clim.com\/index.php\/product\/fouet-leger-vogue-300mm\/"},"modified":"2026-04-02T08:57:59","modified_gmt":"2026-04-02T06:57:59","slug":"fouet-leger-vogue-300mm","status":"publish","type":"product","link":"https:\/\/abinox-chr-clim.com\/index.php\/product\/fouet-leger-vogue-300mm\/","title":{"rendered":"Fouet l\u00e9ger Vogue 300mm"},"content":{"rendered":"<p>Solides fouets inox avec manches sans raccord. 12 fils m\u00e9talliques l\u00e9gers.<br \/>12 fils. Plastique scell\u00e9 \u00e0 la base des fils pour emp\u00eacher l&rsquo;entr\u00e9e de liquide dans les interstices. Manche sans joint pour une meilleure hygi\u00e8ne. 12 fils.<\/p>\n<p>Caract\u00e9ristiques :<br \/> Dimensions : 305(L) mm.<br \/> Mati\u00e8re : Inox.<br \/> Couleur : Argent.<\/p>\n","protected":false},"excerpt":{"rendered":"<p>Fouet l\u00e9ger Vogue 300mm<\/p>\n","protected":false},"featured_media":104530,"comment_status":"closed","ping_status":"closed","template":"","meta":[],"product_brand":[],"product_cat":[1064,1297,1098,1104],"product_tag":[],"class_list":{"0":"post-68506","1":"product","2":"type-product","3":"status-publish","4":"has-post-thumbnail","6":"product_cat-cuisine","7":"product_cat-non-palettisable","8":"product_cat-ustensiles-cuisine","9":"product_cat-ustensiles-de-cuisine","10":"product_shipping_class-free-shipping","12":"first","13":"instock","14":"featured","15":"taxable","16":"shipping-taxable","17":"purchasable","18":"product-type-simple"},"_links":{"self":[{"href":"https:\/\/abinox-chr-clim.com\/index.php\/wp-json\/wp\/v2\/product\/68506","targetHints":{"allow":["GET"]}}],"collection":[{"href":"https:\/\/abinox-chr-clim.com\/index.php\/wp-json\/wp\/v2\/product"}],"about":[{"href":"https:\/\/abinox-chr-clim.com\/index.php\/wp-json\/wp\/v2\/types\/product"}],"replies":[{"embeddable":true,"href":"https:\/\/abinox-chr-clim.com\/index.php\/wp-json\/wp\/v2\/comments?post=68506"}],"wp:featuredmedia":[{"embeddable":true,"href":"https:\/\/abinox-chr-clim.com\/index.php\/wp-json\/wp\/v2\/media\/104530"}],"wp:attachment":[{"href":"https:\/\/abinox-chr-clim.com\/index.php\/wp-json\/wp\/v2\/media?parent=68506"}],"wp:term":[{"taxonomy":"product_brand","embeddable":true,"href":"https:\/\/abinox-chr-clim.com\/index.php\/wp-json\/wp\/v2\/product_brand?post=68506"},{"taxonomy":"product_cat","embeddable":true,"href":"https:\/\/abinox-chr-clim.com\/index.php\/wp-json\/wp\/v2\/product_cat?post=68506"},{"taxonomy":"product_tag","embeddable":true,"href":"https:\/\/abinox-chr-clim.com\/index.php\/wp-json\/wp\/v2\/product_tag?post=68506"}],"curies":[{"name":"wp","href":"https:\/\/api.w.org\/{rel}","templated":true}]}}