{"id":68503,"date":"2024-03-22T16:11:42","date_gmt":"2024-03-22T15:11:42","guid":{"rendered":"https:\/\/abinox-chr-clim.com\/index.php\/product\/fouet-lourd-vogue-400mm\/"},"modified":"2026-04-02T08:57:56","modified_gmt":"2026-04-02T06:57:56","slug":"fouet-lourd-vogue-400mm","status":"publish","type":"product","link":"https:\/\/abinox-chr-clim.com\/index.php\/product\/fouet-lourd-vogue-400mm\/","title":{"rendered":"Fouet lourd Vogue 400mm"},"content":{"rendered":"<p>Huit fils m\u00e9talliques tr\u00e8s r\u00e9sistants, id\u00e9aux pour les ingr\u00e9dients lourds. Scell\u00e9 en plastique \u00e0 la base des fils pour emp\u00eacher le liquide de p\u00e9n\u00e9trer dans les prises. Conception facile \u00e0 nettoyer pour gagner du temps &#8211; va au lave-vaisselle. Scell\u00e9 \u00e0 la base des fils pour emp\u00eacher les liquides et les d\u00e9bris de p\u00e9n\u00e9trer dans les prises. Huit fils m\u00e9talliques tr\u00e8s r\u00e9sistants, id\u00e9aux pour les ingr\u00e9dients lourds.<\/p>\n<p>Caract\u00e9ristiques :<br \/> Dimensions : 405(L) mm.<br \/> Mati\u00e8re : Inox<\/p>\n","protected":false},"excerpt":{"rendered":"<p>Fouet lourd Vogue 400mm<\/p>\n","protected":false},"featured_media":104527,"comment_status":"closed","ping_status":"closed","template":"","meta":[],"product_brand":[],"product_cat":[1064,1297,1098,1104],"product_tag":[],"class_list":{"0":"post-68503","1":"product","2":"type-product","3":"status-publish","4":"has-post-thumbnail","6":"product_cat-cuisine","7":"product_cat-non-palettisable","8":"product_cat-ustensiles-cuisine","9":"product_cat-ustensiles-de-cuisine","10":"product_shipping_class-free-shipping","12":"first","13":"instock","14":"featured","15":"taxable","16":"shipping-taxable","17":"purchasable","18":"product-type-simple"},"_links":{"self":[{"href":"https:\/\/abinox-chr-clim.com\/index.php\/wp-json\/wp\/v2\/product\/68503","targetHints":{"allow":["GET"]}}],"collection":[{"href":"https:\/\/abinox-chr-clim.com\/index.php\/wp-json\/wp\/v2\/product"}],"about":[{"href":"https:\/\/abinox-chr-clim.com\/index.php\/wp-json\/wp\/v2\/types\/product"}],"replies":[{"embeddable":true,"href":"https:\/\/abinox-chr-clim.com\/index.php\/wp-json\/wp\/v2\/comments?post=68503"}],"wp:featuredmedia":[{"embeddable":true,"href":"https:\/\/abinox-chr-clim.com\/index.php\/wp-json\/wp\/v2\/media\/104527"}],"wp:attachment":[{"href":"https:\/\/abinox-chr-clim.com\/index.php\/wp-json\/wp\/v2\/media?parent=68503"}],"wp:term":[{"taxonomy":"product_brand","embeddable":true,"href":"https:\/\/abinox-chr-clim.com\/index.php\/wp-json\/wp\/v2\/product_brand?post=68503"},{"taxonomy":"product_cat","embeddable":true,"href":"https:\/\/abinox-chr-clim.com\/index.php\/wp-json\/wp\/v2\/product_cat?post=68503"},{"taxonomy":"product_tag","embeddable":true,"href":"https:\/\/abinox-chr-clim.com\/index.php\/wp-json\/wp\/v2\/product_tag?post=68503"}],"curies":[{"name":"wp","href":"https:\/\/api.w.org\/{rel}","templated":true}]}}