{"id":68497,"date":"2024-03-22T16:11:37","date_gmt":"2024-03-22T15:11:37","guid":{"rendered":"https:\/\/abinox-chr-clim.com\/index.php\/product\/passoire-en-acier-inoxydable-vogue-335mm\/"},"modified":"2026-04-02T08:56:59","modified_gmt":"2026-04-02T06:56:59","slug":"passoire-en-acier-inoxydable-vogue-335mm","status":"publish","type":"product","link":"https:\/\/abinox-chr-clim.com\/index.php\/product\/passoire-en-acier-inoxydable-vogue-335mm\/","title":{"rendered":"Passoire en acier inoxydable Vogue 335mm"},"content":{"rendered":"<p>Acier inoxydable.<br \/>Construction en acier inoxydable pour faciliter le nettoyage et la r\u00e9sistance. Les grandes poign\u00e9es facilitent la pr\u00e9hension et la manipulation. Id\u00e9ale pour laver et \u00e9goutter les l\u00e9gumes. Construction en acier inoxydable pour faciliter le nettoyage et la r\u00e9sistance.<\/p>\n<p>Caract\u00e9ristiques :<br \/> Dimensions : 124(H) x 305(\u00d8) mm.<br \/> Mati\u00e8re : Acier inoxydable.<br \/> Couleur : Argent.<\/p>\n","protected":false},"excerpt":{"rendered":"<p>Passoire en acier inoxydable Vogue 335mm<\/p>\n","protected":false},"featured_media":104450,"comment_status":"closed","ping_status":"closed","template":"","meta":[],"product_brand":[],"product_cat":[1064,1297,1098,1104],"product_tag":[],"class_list":{"0":"post-68497","1":"product","2":"type-product","3":"status-publish","4":"has-post-thumbnail","6":"product_cat-cuisine","7":"product_cat-non-palettisable","8":"product_cat-ustensiles-cuisine","9":"product_cat-ustensiles-de-cuisine","10":"product_shipping_class-free-shipping","12":"first","13":"instock","14":"featured","15":"taxable","16":"shipping-taxable","17":"purchasable","18":"product-type-simple"},"_links":{"self":[{"href":"https:\/\/abinox-chr-clim.com\/index.php\/wp-json\/wp\/v2\/product\/68497","targetHints":{"allow":["GET"]}}],"collection":[{"href":"https:\/\/abinox-chr-clim.com\/index.php\/wp-json\/wp\/v2\/product"}],"about":[{"href":"https:\/\/abinox-chr-clim.com\/index.php\/wp-json\/wp\/v2\/types\/product"}],"replies":[{"embeddable":true,"href":"https:\/\/abinox-chr-clim.com\/index.php\/wp-json\/wp\/v2\/comments?post=68497"}],"wp:featuredmedia":[{"embeddable":true,"href":"https:\/\/abinox-chr-clim.com\/index.php\/wp-json\/wp\/v2\/media\/104450"}],"wp:attachment":[{"href":"https:\/\/abinox-chr-clim.com\/index.php\/wp-json\/wp\/v2\/media?parent=68497"}],"wp:term":[{"taxonomy":"product_brand","embeddable":true,"href":"https:\/\/abinox-chr-clim.com\/index.php\/wp-json\/wp\/v2\/product_brand?post=68497"},{"taxonomy":"product_cat","embeddable":true,"href":"https:\/\/abinox-chr-clim.com\/index.php\/wp-json\/wp\/v2\/product_cat?post=68497"},{"taxonomy":"product_tag","embeddable":true,"href":"https:\/\/abinox-chr-clim.com\/index.php\/wp-json\/wp\/v2\/product_tag?post=68497"}],"curies":[{"name":"wp","href":"https:\/\/api.w.org\/{rel}","templated":true}]}}