{"id":68493,"date":"2024-03-22T16:11:36","date_gmt":"2024-03-22T15:11:36","guid":{"rendered":"https:\/\/abinox-chr-clim.com\/index.php\/product\/passoire-en-aluminium-vogue-305mm\/"},"modified":"2026-04-02T08:56:53","modified_gmt":"2026-04-02T06:56:53","slug":"passoire-en-aluminium-vogue-305mm","status":"publish","type":"product","link":"https:\/\/abinox-chr-clim.com\/index.php\/product\/passoire-en-aluminium-vogue-305mm\/","title":{"rendered":"Passoire en aluminium Vogue 305mm"},"content":{"rendered":"<p>Id\u00e9ale pour laver et \u00e9goutter les l\u00e9gumes. Les grandes poign\u00e9es facilitent la pr\u00e9hension et la manipulation. Construction aluminium pour faciliter le nettoyage. Id\u00e9ale pour laver et \u00e9goutter les l\u00e9gumes.<\/p>\n<p>Caract\u00e9ristiques :<br \/> Dimensions : 305(\u00d8) mm.<br \/> Mati\u00e8re : Aluminium<\/p>\n","protected":false},"excerpt":{"rendered":"<p>Passoire en aluminium Vogue 305mm<\/p>\n","protected":false},"featured_media":104444,"comment_status":"closed","ping_status":"closed","template":"","meta":[],"product_brand":[],"product_cat":[1064,1297,1098,1104],"product_tag":[],"class_list":{"0":"post-68493","1":"product","2":"type-product","3":"status-publish","4":"has-post-thumbnail","6":"product_cat-cuisine","7":"product_cat-non-palettisable","8":"product_cat-ustensiles-cuisine","9":"product_cat-ustensiles-de-cuisine","10":"product_shipping_class-free-shipping","12":"first","13":"instock","14":"featured","15":"taxable","16":"shipping-taxable","17":"purchasable","18":"product-type-simple"},"_links":{"self":[{"href":"https:\/\/abinox-chr-clim.com\/index.php\/wp-json\/wp\/v2\/product\/68493","targetHints":{"allow":["GET"]}}],"collection":[{"href":"https:\/\/abinox-chr-clim.com\/index.php\/wp-json\/wp\/v2\/product"}],"about":[{"href":"https:\/\/abinox-chr-clim.com\/index.php\/wp-json\/wp\/v2\/types\/product"}],"replies":[{"embeddable":true,"href":"https:\/\/abinox-chr-clim.com\/index.php\/wp-json\/wp\/v2\/comments?post=68493"}],"wp:featuredmedia":[{"embeddable":true,"href":"https:\/\/abinox-chr-clim.com\/index.php\/wp-json\/wp\/v2\/media\/104444"}],"wp:attachment":[{"href":"https:\/\/abinox-chr-clim.com\/index.php\/wp-json\/wp\/v2\/media?parent=68493"}],"wp:term":[{"taxonomy":"product_brand","embeddable":true,"href":"https:\/\/abinox-chr-clim.com\/index.php\/wp-json\/wp\/v2\/product_brand?post=68493"},{"taxonomy":"product_cat","embeddable":true,"href":"https:\/\/abinox-chr-clim.com\/index.php\/wp-json\/wp\/v2\/product_cat?post=68493"},{"taxonomy":"product_tag","embeddable":true,"href":"https:\/\/abinox-chr-clim.com\/index.php\/wp-json\/wp\/v2\/product_tag?post=68493"}],"curies":[{"name":"wp","href":"https:\/\/api.w.org\/{rel}","templated":true}]}}