{"id":68491,"date":"2024-03-22T16:11:35","date_gmt":"2024-03-22T15:11:35","guid":{"rendered":"https:\/\/abinox-chr-clim.com\/index.php\/product\/distributeur-de-sauce-vogue-682ml-transparent\/"},"modified":"2026-04-02T08:56:40","modified_gmt":"2026-04-02T06:56:40","slug":"distributeur-de-sauce-vogue-682ml-transparent","status":"publish","type":"product","link":"https:\/\/abinox-chr-clim.com\/index.php\/product\/distributeur-de-sauce-vogue-682ml-transparent\/","title":{"rendered":"Distributeur de sauce Vogue 682ml transparent"},"content":{"rendered":"<p>Poly\u00e9thyl\u00e8ne souple et flexible avec bouchon \u00e0 vis. Code couleur pour la distribution de la sauce ou la d\u00e9coration. Remarque : Les buses doivent \u00eatre ajust\u00e9es selon la consistance de la sauce.<br \/>Bouchon vissable et col large pour un remplissage rapide et facile. Le mat\u00e9riau transparent vous permet de surveiller le niveau de remplissage et d&rsquo;\u00e9viter de vous retrouver \u00e0 court au milieu du service. Tr\u00e8s souple pour une distribution rapide et facile \u00e0 contr\u00f4ler. Le bouchon de l&#8217;embout attach\u00e9 r\u00e9duit le risque de contamination lorsqu&rsquo;il n&rsquo;est pas utilis\u00e9. La conception facile \u00e0 nettoyer permet de r\u00e9utiliser les bouteilles maintes et maintes fois. Le plastique robuste et durable est pratiquement incassable pour une fiabilit\u00e9 durable.  Bouchon vissable et col large pour un remplissage rapide et facile.<\/p>\n<p>Caract\u00e9ristiques :<br \/> Capacit\u00e9 : 68,1 cl.<br \/> Dimensions : 262(H) x 67(\u00d8) mm.<br \/> Mati\u00e8re : Poly\u00e9thyl\u00e8ne.<br \/> Couleur : Transparent.<\/p>\n","protected":false},"excerpt":{"rendered":"<p>Distributeur de sauce Vogue 682ml transparent<\/p>\n","protected":false},"featured_media":103549,"comment_status":"closed","ping_status":"closed","template":"","meta":[],"product_brand":[],"product_cat":[1064,1297,1098,1104],"product_tag":[],"class_list":{"0":"post-68491","1":"product","2":"type-product","3":"status-publish","4":"has-post-thumbnail","6":"product_cat-cuisine","7":"product_cat-non-palettisable","8":"product_cat-ustensiles-cuisine","9":"product_cat-ustensiles-de-cuisine","10":"product_shipping_class-free-shipping","12":"first","13":"instock","14":"featured","15":"taxable","16":"shipping-taxable","17":"purchasable","18":"product-type-simple"},"_links":{"self":[{"href":"https:\/\/abinox-chr-clim.com\/index.php\/wp-json\/wp\/v2\/product\/68491","targetHints":{"allow":["GET"]}}],"collection":[{"href":"https:\/\/abinox-chr-clim.com\/index.php\/wp-json\/wp\/v2\/product"}],"about":[{"href":"https:\/\/abinox-chr-clim.com\/index.php\/wp-json\/wp\/v2\/types\/product"}],"replies":[{"embeddable":true,"href":"https:\/\/abinox-chr-clim.com\/index.php\/wp-json\/wp\/v2\/comments?post=68491"}],"wp:featuredmedia":[{"embeddable":true,"href":"https:\/\/abinox-chr-clim.com\/index.php\/wp-json\/wp\/v2\/media\/103549"}],"wp:attachment":[{"href":"https:\/\/abinox-chr-clim.com\/index.php\/wp-json\/wp\/v2\/media?parent=68491"}],"wp:term":[{"taxonomy":"product_brand","embeddable":true,"href":"https:\/\/abinox-chr-clim.com\/index.php\/wp-json\/wp\/v2\/product_brand?post=68491"},{"taxonomy":"product_cat","embeddable":true,"href":"https:\/\/abinox-chr-clim.com\/index.php\/wp-json\/wp\/v2\/product_cat?post=68491"},{"taxonomy":"product_tag","embeddable":true,"href":"https:\/\/abinox-chr-clim.com\/index.php\/wp-json\/wp\/v2\/product_tag?post=68491"}],"curies":[{"name":"wp","href":"https:\/\/api.w.org\/{rel}","templated":true}]}}