{"id":68484,"date":"2024-03-22T16:11:32","date_gmt":"2024-03-22T15:11:32","guid":{"rendered":"https:\/\/abinox-chr-clim.com\/index.php\/product\/distributeur-de-sauce-vogue-227ml-transparent\/"},"modified":"2026-04-02T08:56:24","modified_gmt":"2026-04-02T06:56:24","slug":"distributeur-de-sauce-vogue-227ml-transparent","status":"publish","type":"product","link":"https:\/\/abinox-chr-clim.com\/index.php\/product\/distributeur-de-sauce-vogue-227ml-transparent\/","title":{"rendered":"Distributeur de sauce Vogue 227ml transparent"},"content":{"rendered":"<p>Poly\u00e9thyl\u00e8ne souple et flexible avec bouchon \u00e0 vis. Code couleur pour la distribution de la sauce ou la d\u00e9coration. Remarque : Les buses doivent \u00eatre ajust\u00e9es selon la consistance de la sauce.<br \/>Bouchon \u00e0 vis et col large pour des recharges rapides et faciles. La conception facile \u00e0 nettoyer permet de r\u00e9utiliser les bouteilles \u00e0 l&rsquo;infini. Le plastique r\u00e9sistant et durable est pratiquement incassable pour une fiabilit\u00e9 \u00e0 long terme. Le mat\u00e9riau transparent vous permet de surveiller les niveaux de stock et d&rsquo;\u00e9viter d&rsquo;\u00eatre vide en plein service. Super fin pour une distribution rapide et facile \u00e0 contr\u00f4ler. Le capuchon de la buse reli\u00e9 r\u00e9duit le risque de contamination lorsqu&rsquo;il n&rsquo;est pas utilis\u00e9.  Bouchon \u00e0 vis et col large pour des recharges rapides et faciles.<\/p>\n<p>Caract\u00e9ristiques :<br \/> Capacit\u00e9 : 22,7 cl.<br \/> Dimensions : 185(H) x 48(\u00d8) mm.<br \/> Mati\u00e8re : Poly\u00e9thyl\u00e8ne.<br \/> Couleur : Transparent.<\/p>\n","protected":false},"excerpt":{"rendered":"<p>Distributeur de sauce Vogue 227ml transparent<\/p>\n","protected":false},"featured_media":103549,"comment_status":"closed","ping_status":"closed","template":"","meta":[],"product_brand":[],"product_cat":[1064,1297,1098,1104],"product_tag":[],"class_list":{"0":"post-68484","1":"product","2":"type-product","3":"status-publish","4":"has-post-thumbnail","6":"product_cat-cuisine","7":"product_cat-non-palettisable","8":"product_cat-ustensiles-cuisine","9":"product_cat-ustensiles-de-cuisine","10":"product_shipping_class-free-shipping","12":"first","13":"instock","14":"featured","15":"taxable","16":"shipping-taxable","17":"purchasable","18":"product-type-simple"},"_links":{"self":[{"href":"https:\/\/abinox-chr-clim.com\/index.php\/wp-json\/wp\/v2\/product\/68484","targetHints":{"allow":["GET"]}}],"collection":[{"href":"https:\/\/abinox-chr-clim.com\/index.php\/wp-json\/wp\/v2\/product"}],"about":[{"href":"https:\/\/abinox-chr-clim.com\/index.php\/wp-json\/wp\/v2\/types\/product"}],"replies":[{"embeddable":true,"href":"https:\/\/abinox-chr-clim.com\/index.php\/wp-json\/wp\/v2\/comments?post=68484"}],"wp:featuredmedia":[{"embeddable":true,"href":"https:\/\/abinox-chr-clim.com\/index.php\/wp-json\/wp\/v2\/media\/103549"}],"wp:attachment":[{"href":"https:\/\/abinox-chr-clim.com\/index.php\/wp-json\/wp\/v2\/media?parent=68484"}],"wp:term":[{"taxonomy":"product_brand","embeddable":true,"href":"https:\/\/abinox-chr-clim.com\/index.php\/wp-json\/wp\/v2\/product_brand?post=68484"},{"taxonomy":"product_cat","embeddable":true,"href":"https:\/\/abinox-chr-clim.com\/index.php\/wp-json\/wp\/v2\/product_cat?post=68484"},{"taxonomy":"product_tag","embeddable":true,"href":"https:\/\/abinox-chr-clim.com\/index.php\/wp-json\/wp\/v2\/product_tag?post=68484"}],"curies":[{"name":"wp","href":"https:\/\/api.w.org\/{rel}","templated":true}]}}