{"id":68482,"date":"2024-03-22T16:11:31","date_gmt":"2024-03-22T15:11:31","guid":{"rendered":"https:\/\/abinox-chr-clim.com\/index.php\/product\/distributeur-de-sauce-vogue-227ml-rouge\/"},"modified":"2026-01-12T07:51:47","modified_gmt":"2026-01-12T06:51:47","slug":"distributeur-de-sauce-vogue-227ml-rouge","status":"publish","type":"product","link":"https:\/\/abinox-chr-clim.com\/index.php\/product\/distributeur-de-sauce-vogue-227ml-rouge\/","title":{"rendered":"Distributeur de sauce Vogue 227ml rouge"},"content":{"rendered":"<p>Poly\u00e9thyl\u00e8ne souple et flexible avec bouchon \u00e0 vis. Code couleur pour la distribution de la sauce ou la d\u00e9coration. Remarque : Les buses doivent \u00eatre ajust\u00e9es selon la consistance de la sauce.<br \/>Bouchon \u00e0 vis et goulot large pour un remplissage facile.Code couleur. Bouchon \u00e0 vis et goulot large pour un remplissage facile. .<br \/> Caract\u00e9ristiques :<br \/> Capacit\u00e9 : 23 cl.<br \/> Dimensions : 185(H) x 48(\u00d8) mm.<br \/> Mati\u00e8re : Poly\u00e9thyl\u00e8ne.<br \/> Couleur : Rouge.<\/p>\n","protected":false},"excerpt":{"rendered":"<p>Distributeur de sauce Vogue 227ml rouge<\/p>\n","protected":false},"featured_media":103550,"comment_status":"closed","ping_status":"closed","template":"","meta":[],"product_brand":[],"product_cat":[1064,1297,1098,1104],"product_tag":[],"class_list":{"0":"post-68482","1":"product","2":"type-product","3":"status-publish","4":"has-post-thumbnail","6":"product_cat-cuisine","7":"product_cat-non-palettisable","8":"product_cat-ustensiles-cuisine","9":"product_cat-ustensiles-de-cuisine","10":"product_shipping_class-free-shipping","12":"first","13":"outofstock","14":"featured","15":"taxable","16":"shipping-taxable","17":"purchasable","18":"product-type-simple"},"_links":{"self":[{"href":"https:\/\/abinox-chr-clim.com\/index.php\/wp-json\/wp\/v2\/product\/68482","targetHints":{"allow":["GET"]}}],"collection":[{"href":"https:\/\/abinox-chr-clim.com\/index.php\/wp-json\/wp\/v2\/product"}],"about":[{"href":"https:\/\/abinox-chr-clim.com\/index.php\/wp-json\/wp\/v2\/types\/product"}],"replies":[{"embeddable":true,"href":"https:\/\/abinox-chr-clim.com\/index.php\/wp-json\/wp\/v2\/comments?post=68482"}],"wp:featuredmedia":[{"embeddable":true,"href":"https:\/\/abinox-chr-clim.com\/index.php\/wp-json\/wp\/v2\/media\/103550"}],"wp:attachment":[{"href":"https:\/\/abinox-chr-clim.com\/index.php\/wp-json\/wp\/v2\/media?parent=68482"}],"wp:term":[{"taxonomy":"product_brand","embeddable":true,"href":"https:\/\/abinox-chr-clim.com\/index.php\/wp-json\/wp\/v2\/product_brand?post=68482"},{"taxonomy":"product_cat","embeddable":true,"href":"https:\/\/abinox-chr-clim.com\/index.php\/wp-json\/wp\/v2\/product_cat?post=68482"},{"taxonomy":"product_tag","embeddable":true,"href":"https:\/\/abinox-chr-clim.com\/index.php\/wp-json\/wp\/v2\/product_tag?post=68482"}],"curies":[{"name":"wp","href":"https:\/\/api.w.org\/{rel}","templated":true}]}}