{"id":68473,"date":"2024-03-22T16:11:28","date_gmt":"2024-03-22T15:11:28","guid":{"rendered":"https:\/\/abinox-chr-clim.com\/index.php\/product\/fouet-matfer-bourgeat\/"},"modified":"2026-04-02T08:55:55","modified_gmt":"2026-04-02T06:55:55","slug":"fouet-matfer-bourgeat","status":"publish","type":"product","link":"https:\/\/abinox-chr-clim.com\/index.php\/product\/fouet-matfer-bourgeat\/","title":{"rendered":"Fouet Matfer Bourgeat"},"content":{"rendered":"<p>Manche isolant &#8211; r\u00e9sistant \u00e0 la chaleur jusqu&rsquo;\u00e0 220\u00b0C. Lavable au lave-vaisselle.Fils scell\u00e9s hygi\u00e9niques. Manche isolant &#8211; r\u00e9sistant \u00e0 la chaleur jusqu&rsquo;\u00e0 220\u00b0C. .<br \/> Caract\u00e9ristiques :<br \/> Dimensions : 405(L) mm.<br \/> Mati\u00e8re : Exoglass et inox<\/p>\n","protected":false},"excerpt":{"rendered":"<p>Fouet Matfer Bourgeat<\/p>\n","protected":false},"featured_media":104364,"comment_status":"closed","ping_status":"closed","template":"","meta":[],"product_brand":[],"product_cat":[1064,1297,1098,1104],"product_tag":[],"class_list":{"0":"post-68473","1":"product","2":"type-product","3":"status-publish","4":"has-post-thumbnail","6":"product_cat-cuisine","7":"product_cat-non-palettisable","8":"product_cat-ustensiles-cuisine","9":"product_cat-ustensiles-de-cuisine","10":"product_shipping_class-free-shipping","12":"first","13":"instock","14":"featured","15":"taxable","16":"shipping-taxable","17":"purchasable","18":"product-type-simple"},"_links":{"self":[{"href":"https:\/\/abinox-chr-clim.com\/index.php\/wp-json\/wp\/v2\/product\/68473","targetHints":{"allow":["GET"]}}],"collection":[{"href":"https:\/\/abinox-chr-clim.com\/index.php\/wp-json\/wp\/v2\/product"}],"about":[{"href":"https:\/\/abinox-chr-clim.com\/index.php\/wp-json\/wp\/v2\/types\/product"}],"replies":[{"embeddable":true,"href":"https:\/\/abinox-chr-clim.com\/index.php\/wp-json\/wp\/v2\/comments?post=68473"}],"wp:featuredmedia":[{"embeddable":true,"href":"https:\/\/abinox-chr-clim.com\/index.php\/wp-json\/wp\/v2\/media\/104364"}],"wp:attachment":[{"href":"https:\/\/abinox-chr-clim.com\/index.php\/wp-json\/wp\/v2\/media?parent=68473"}],"wp:term":[{"taxonomy":"product_brand","embeddable":true,"href":"https:\/\/abinox-chr-clim.com\/index.php\/wp-json\/wp\/v2\/product_brand?post=68473"},{"taxonomy":"product_cat","embeddable":true,"href":"https:\/\/abinox-chr-clim.com\/index.php\/wp-json\/wp\/v2\/product_cat?post=68473"},{"taxonomy":"product_tag","embeddable":true,"href":"https:\/\/abinox-chr-clim.com\/index.php\/wp-json\/wp\/v2\/product_tag?post=68473"}],"curies":[{"name":"wp","href":"https:\/\/api.w.org\/{rel}","templated":true}]}}