{"id":68459,"date":"2024-03-22T16:11:21","date_gmt":"2024-03-22T15:11:21","guid":{"rendered":"https:\/\/abinox-chr-clim.com\/index.php\/product\/ecumoire-a-graisse-vogue-200mm\/"},"modified":"2026-04-02T08:55:36","modified_gmt":"2026-04-02T06:55:36","slug":"ecumoire-a-graisse-vogue-200mm","status":"publish","type":"product","link":"https:\/\/abinox-chr-clim.com\/index.php\/product\/ecumoire-a-graisse-vogue-200mm\/","title":{"rendered":"Ecumoire \u00e0 graisse Vogue 200mm"},"content":{"rendered":"<p>Ecumoire carr\u00e9e en acier inoxydable pouvant \u00eatre utilis\u00e9e avec les friteuses.<br \/>R\u00e9sistant \u00e0 la chaleur, il convient aux friteuses. Crochet dans la poign\u00e9e pour un rangement facile. Acier inoxydable r\u00e9sistant \u00e0 l&rsquo;usure pour une utilisation continue. Le bord sur\u00e9lev\u00e9 et la t\u00eate \u00e0 mailles carr\u00e9es permettent de retirer facilement les aliments de l&rsquo;eau et de l&rsquo;huile chaudes. Le long manche permet de garder les mains \u00e0 bonne distance.  R\u00e9sistant \u00e0 la chaleur, il convient aux friteuses.<\/p>\n<p>Caract\u00e9ristiques :<br \/> Dimensions : 200(\u00d8)x 660(L)mm.<br \/> Mati\u00e8re : Acier inoxydable.<br \/> Couleur : Argent.<\/p>\n","protected":false},"excerpt":{"rendered":"<p>Ecumoire \u00e0 graisse Vogue 200mm<\/p>\n","protected":false},"featured_media":104338,"comment_status":"closed","ping_status":"closed","template":"","meta":[],"product_brand":[],"product_cat":[1064,1297,1098,1104],"product_tag":[],"class_list":{"0":"post-68459","1":"product","2":"type-product","3":"status-publish","4":"has-post-thumbnail","6":"product_cat-cuisine","7":"product_cat-non-palettisable","8":"product_cat-ustensiles-cuisine","9":"product_cat-ustensiles-de-cuisine","10":"product_shipping_class-free-shipping","12":"first","13":"instock","14":"featured","15":"taxable","16":"shipping-taxable","17":"purchasable","18":"product-type-simple"},"_links":{"self":[{"href":"https:\/\/abinox-chr-clim.com\/index.php\/wp-json\/wp\/v2\/product\/68459","targetHints":{"allow":["GET"]}}],"collection":[{"href":"https:\/\/abinox-chr-clim.com\/index.php\/wp-json\/wp\/v2\/product"}],"about":[{"href":"https:\/\/abinox-chr-clim.com\/index.php\/wp-json\/wp\/v2\/types\/product"}],"replies":[{"embeddable":true,"href":"https:\/\/abinox-chr-clim.com\/index.php\/wp-json\/wp\/v2\/comments?post=68459"}],"wp:featuredmedia":[{"embeddable":true,"href":"https:\/\/abinox-chr-clim.com\/index.php\/wp-json\/wp\/v2\/media\/104338"}],"wp:attachment":[{"href":"https:\/\/abinox-chr-clim.com\/index.php\/wp-json\/wp\/v2\/media?parent=68459"}],"wp:term":[{"taxonomy":"product_brand","embeddable":true,"href":"https:\/\/abinox-chr-clim.com\/index.php\/wp-json\/wp\/v2\/product_brand?post=68459"},{"taxonomy":"product_cat","embeddable":true,"href":"https:\/\/abinox-chr-clim.com\/index.php\/wp-json\/wp\/v2\/product_cat?post=68459"},{"taxonomy":"product_tag","embeddable":true,"href":"https:\/\/abinox-chr-clim.com\/index.php\/wp-json\/wp\/v2\/product_tag?post=68459"}],"curies":[{"name":"wp","href":"https:\/\/api.w.org\/{rel}","templated":true}]}}