{"id":68454,"date":"2024-03-22T16:11:19","date_gmt":"2024-03-22T15:11:19","guid":{"rendered":"https:\/\/abinox-chr-clim.com\/index.php\/product\/pelle-a-frites-manche-plat-vogue\/"},"modified":"2026-04-02T08:55:29","modified_gmt":"2026-04-02T06:55:29","slug":"pelle-a-frites-manche-plat-vogue","status":"publish","type":"product","link":"https:\/\/abinox-chr-clim.com\/index.php\/product\/pelle-a-frites-manche-plat-vogue\/","title":{"rendered":"Pelle \u00e0 frites manche plat Vogue"},"content":{"rendered":"<p>En acier inoxydable avec manche plat. Dimensions de la pelle 110 x 90mm.<br \/>T\u00eate perfor\u00e9e pour un drainage facile. Bords sur\u00e9lev\u00e9s pour un portionnement s\u00e9curis\u00e9. Manche \u00e0 crochet pour un rangement facile. Facile \u00e0 nettoyer. Incroyablement durable. Parfait pour le contr\u00f4le des portions.  T\u00eate perfor\u00e9e pour un drainage facile.<\/p>\n<p>Caract\u00e9ristiques :<br \/> Dimensions : 25(H) x 86(l) x 100(P) x 290(L)mm.<br \/> Mati\u00e8re : En acier inoxydable.<br \/> Couleur : Argent.<\/p>\n","protected":false},"excerpt":{"rendered":"<p>Pelle \u00e0 frites manche plat Vogue<\/p>\n","protected":false},"featured_media":104329,"comment_status":"closed","ping_status":"closed","template":"","meta":[],"product_brand":[],"product_cat":[1064,1297,1098,1104],"product_tag":[],"class_list":{"0":"post-68454","1":"product","2":"type-product","3":"status-publish","4":"has-post-thumbnail","6":"product_cat-cuisine","7":"product_cat-non-palettisable","8":"product_cat-ustensiles-cuisine","9":"product_cat-ustensiles-de-cuisine","10":"product_shipping_class-free-shipping","12":"first","13":"instock","14":"featured","15":"taxable","16":"shipping-taxable","17":"purchasable","18":"product-type-simple"},"_links":{"self":[{"href":"https:\/\/abinox-chr-clim.com\/index.php\/wp-json\/wp\/v2\/product\/68454","targetHints":{"allow":["GET"]}}],"collection":[{"href":"https:\/\/abinox-chr-clim.com\/index.php\/wp-json\/wp\/v2\/product"}],"about":[{"href":"https:\/\/abinox-chr-clim.com\/index.php\/wp-json\/wp\/v2\/types\/product"}],"replies":[{"embeddable":true,"href":"https:\/\/abinox-chr-clim.com\/index.php\/wp-json\/wp\/v2\/comments?post=68454"}],"wp:featuredmedia":[{"embeddable":true,"href":"https:\/\/abinox-chr-clim.com\/index.php\/wp-json\/wp\/v2\/media\/104329"}],"wp:attachment":[{"href":"https:\/\/abinox-chr-clim.com\/index.php\/wp-json\/wp\/v2\/media?parent=68454"}],"wp:term":[{"taxonomy":"product_brand","embeddable":true,"href":"https:\/\/abinox-chr-clim.com\/index.php\/wp-json\/wp\/v2\/product_brand?post=68454"},{"taxonomy":"product_cat","embeddable":true,"href":"https:\/\/abinox-chr-clim.com\/index.php\/wp-json\/wp\/v2\/product_cat?post=68454"},{"taxonomy":"product_tag","embeddable":true,"href":"https:\/\/abinox-chr-clim.com\/index.php\/wp-json\/wp\/v2\/product_tag?post=68454"}],"curies":[{"name":"wp","href":"https:\/\/api.w.org\/{rel}","templated":true}]}}