{"id":68452,"date":"2024-03-22T16:11:18","date_gmt":"2024-03-22T15:11:18","guid":{"rendered":"https:\/\/abinox-chr-clim.com\/index.php\/product\/machine-a-pates-vogue\/"},"modified":"2026-04-02T08:55:23","modified_gmt":"2026-04-02T06:55:23","slug":"machine-a-pates-vogue","status":"publish","type":"product","link":"https:\/\/abinox-chr-clim.com\/index.php\/product\/machine-a-pates-vogue\/","title":{"rendered":"Machine \u00e0 p\u00e2tes Vogue"},"content":{"rendered":"<p>Pour pr\u00e9parer des fettucine, des lasagnes, des tagliatelles, des spaghetti et des taglierini dans le confort de votre cuisine. Fabriqu\u00e9e en acier chrom\u00e9 avec des rouleaux nickel\u00e9s permettant d&rsquo;obtenir diff\u00e9rentes \u00e9paisseurs de p\u00e2tes en deux largeurs. Le coupe ravioli se fixe facilement pour obtenir des r\u00e9sultats parfaits. Le moteur permet une fabrication rapide et simple avec un minimum d&rsquo;efforts.<br \/>Produit de la p\u00e2te en deux largeurs et diff\u00e9rentes \u00e9paisseurs. La construction en acier chrom\u00e9 assure une utilisation durable. Les rouleaux nickel\u00e9s emp\u00eachent les aliments d&rsquo;\u00eatre souill\u00e9s. Produit de la p\u00e2te en deux largeurs et diff\u00e9rentes \u00e9paisseurs.<\/p>\n<p>Caract\u00e9ristiques :<br \/> Dimensions : 146(h) x 205(L) x 205(l)mm.<br \/> Mati\u00e8re : Acier chrom\u00e9.<br \/> Couleur : Argent.<\/p>\n","protected":false},"excerpt":{"rendered":"<p>Machine \u00e0 p\u00e2tes Vogue<\/p>\n","protected":false},"featured_media":104321,"comment_status":"closed","ping_status":"closed","template":"","meta":[],"product_brand":[],"product_cat":[1064,1297,1098,1104],"product_tag":[],"class_list":{"0":"post-68452","1":"product","2":"type-product","3":"status-publish","4":"has-post-thumbnail","6":"product_cat-cuisine","7":"product_cat-non-palettisable","8":"product_cat-ustensiles-cuisine","9":"product_cat-ustensiles-de-cuisine","10":"product_shipping_class-free-shipping","12":"first","13":"instock","14":"featured","15":"taxable","16":"shipping-taxable","17":"purchasable","18":"product-type-simple"},"_links":{"self":[{"href":"https:\/\/abinox-chr-clim.com\/index.php\/wp-json\/wp\/v2\/product\/68452","targetHints":{"allow":["GET"]}}],"collection":[{"href":"https:\/\/abinox-chr-clim.com\/index.php\/wp-json\/wp\/v2\/product"}],"about":[{"href":"https:\/\/abinox-chr-clim.com\/index.php\/wp-json\/wp\/v2\/types\/product"}],"replies":[{"embeddable":true,"href":"https:\/\/abinox-chr-clim.com\/index.php\/wp-json\/wp\/v2\/comments?post=68452"}],"wp:featuredmedia":[{"embeddable":true,"href":"https:\/\/abinox-chr-clim.com\/index.php\/wp-json\/wp\/v2\/media\/104321"}],"wp:attachment":[{"href":"https:\/\/abinox-chr-clim.com\/index.php\/wp-json\/wp\/v2\/media?parent=68452"}],"wp:term":[{"taxonomy":"product_brand","embeddable":true,"href":"https:\/\/abinox-chr-clim.com\/index.php\/wp-json\/wp\/v2\/product_brand?post=68452"},{"taxonomy":"product_cat","embeddable":true,"href":"https:\/\/abinox-chr-clim.com\/index.php\/wp-json\/wp\/v2\/product_cat?post=68452"},{"taxonomy":"product_tag","embeddable":true,"href":"https:\/\/abinox-chr-clim.com\/index.php\/wp-json\/wp\/v2\/product_tag?post=68452"}],"curies":[{"name":"wp","href":"https:\/\/api.w.org\/{rel}","templated":true}]}}