{"id":68450,"date":"2024-03-22T16:11:17","date_gmt":"2024-03-22T15:11:17","guid":{"rendered":"https:\/\/abinox-chr-clim.com\/index.php\/product\/moulin-a-legumes-tellier\/"},"modified":"2026-03-16T11:11:16","modified_gmt":"2026-03-16T10:11:16","slug":"moulin-a-legumes-tellier","status":"publish","type":"product","link":"https:\/\/abinox-chr-clim.com\/index.php\/product\/moulin-a-legumes-tellier\/","title":{"rendered":"Moulin \u00e0 l\u00e9gumes Tellier"},"content":{"rendered":"<p>Moulin en acier \u00e9tam\u00e9 professionnel et passoire de 3 mm avec tr\u00e9pied.<br \/>D\u00e9bit : 10kg\/mn de pur\u00e9e. D\u00e9bit : 10kg\/mn de pur\u00e9e.<\/p>\n<p>Caract\u00e9ristiques :<br \/> Dimensions : 800(H) x 390(\u00d8) mm.<br \/> Mati\u00e8re : Acier \u00e9tam\u00e9.<br \/> Couleur : Argent.<\/p>\n","protected":false},"excerpt":{"rendered":"<p>Moulin \u00e0 l\u00e9gumes Tellier<\/p>\n","protected":false},"featured_media":104303,"comment_status":"closed","ping_status":"closed","template":"","meta":[],"product_brand":[],"product_cat":[1064,1297,1098,1104],"product_tag":[],"class_list":{"0":"post-68450","1":"product","2":"type-product","3":"status-publish","4":"has-post-thumbnail","6":"product_cat-cuisine","7":"product_cat-non-palettisable","8":"product_cat-ustensiles-cuisine","9":"product_cat-ustensiles-de-cuisine","10":"product_shipping_class-free-shipping","12":"first","13":"outofstock","14":"featured","15":"taxable","16":"shipping-taxable","17":"purchasable","18":"product-type-simple"},"_links":{"self":[{"href":"https:\/\/abinox-chr-clim.com\/index.php\/wp-json\/wp\/v2\/product\/68450","targetHints":{"allow":["GET"]}}],"collection":[{"href":"https:\/\/abinox-chr-clim.com\/index.php\/wp-json\/wp\/v2\/product"}],"about":[{"href":"https:\/\/abinox-chr-clim.com\/index.php\/wp-json\/wp\/v2\/types\/product"}],"replies":[{"embeddable":true,"href":"https:\/\/abinox-chr-clim.com\/index.php\/wp-json\/wp\/v2\/comments?post=68450"}],"wp:featuredmedia":[{"embeddable":true,"href":"https:\/\/abinox-chr-clim.com\/index.php\/wp-json\/wp\/v2\/media\/104303"}],"wp:attachment":[{"href":"https:\/\/abinox-chr-clim.com\/index.php\/wp-json\/wp\/v2\/media?parent=68450"}],"wp:term":[{"taxonomy":"product_brand","embeddable":true,"href":"https:\/\/abinox-chr-clim.com\/index.php\/wp-json\/wp\/v2\/product_brand?post=68450"},{"taxonomy":"product_cat","embeddable":true,"href":"https:\/\/abinox-chr-clim.com\/index.php\/wp-json\/wp\/v2\/product_cat?post=68450"},{"taxonomy":"product_tag","embeddable":true,"href":"https:\/\/abinox-chr-clim.com\/index.php\/wp-json\/wp\/v2\/product_tag?post=68450"}],"curies":[{"name":"wp","href":"https:\/\/api.w.org\/{rel}","templated":true}]}}