{"id":68449,"date":"2024-03-22T16:11:17","date_gmt":"2024-03-22T15:11:17","guid":{"rendered":"https:\/\/abinox-chr-clim.com\/index.php\/product\/moulin-a-legumes-tellier-en-acier-etame-39-cm\/"},"modified":"2026-04-02T08:55:14","modified_gmt":"2026-04-02T06:55:14","slug":"moulin-a-legumes-tellier-en-acier-etame-39-cm","status":"publish","type":"product","link":"https:\/\/abinox-chr-clim.com\/index.php\/product\/moulin-a-legumes-tellier-en-acier-etame-39-cm\/","title":{"rendered":"Moulin \u00e0 l\u00e9gumes Tellier en acier \u00e9tam\u00e9 &#8211; 39 cm"},"content":{"rendered":"<p>En acier \u00e9tam\u00e9 fourni avec une grille de 3(\u00d8)mm. 5 kg par minute pour 10 \u00e0 50 portions. Grilles suppl\u00e9mentaires en option ci-dessous.<br \/>Polyvalent &#8211; Id\u00e9al pour une utilisation avec les fruits et les l\u00e9gumes. 5kg par minute pour 10 \u00e0 50 portions. Id\u00e9al pour les coulis. Livr\u00e9 avec grille de 3mm. Utilisation professionnelle et domestique. Ecrase et r\u00e9duit en pur\u00e9e pour un maximum de saveurs.  Polyvalent &#8211; Id\u00e9al pour une utilisation avec les fruits et les l\u00e9gumes.<\/p>\n<p>Caract\u00e9ristiques :<br \/> Dimensions : 370(\u00d8) mm.<br \/> Mati\u00e8re : Acier \u00e9tam\u00e9.<br \/> Couleur : Argent.<\/p>\n","protected":false},"excerpt":{"rendered":"<p>Moulin \u00e0 l\u00e9gumes Tellier en acier \u00e9tam\u00e9 &#8211; 39 cm<\/p>\n","protected":false},"featured_media":104301,"comment_status":"closed","ping_status":"closed","template":"","meta":[],"product_brand":[],"product_cat":[1064,1297,1098,1104],"product_tag":[],"class_list":{"0":"post-68449","1":"product","2":"type-product","3":"status-publish","4":"has-post-thumbnail","6":"product_cat-cuisine","7":"product_cat-non-palettisable","8":"product_cat-ustensiles-cuisine","9":"product_cat-ustensiles-de-cuisine","10":"product_shipping_class-free-shipping","12":"first","13":"instock","14":"featured","15":"taxable","16":"shipping-taxable","17":"purchasable","18":"product-type-simple"},"_links":{"self":[{"href":"https:\/\/abinox-chr-clim.com\/index.php\/wp-json\/wp\/v2\/product\/68449","targetHints":{"allow":["GET"]}}],"collection":[{"href":"https:\/\/abinox-chr-clim.com\/index.php\/wp-json\/wp\/v2\/product"}],"about":[{"href":"https:\/\/abinox-chr-clim.com\/index.php\/wp-json\/wp\/v2\/types\/product"}],"replies":[{"embeddable":true,"href":"https:\/\/abinox-chr-clim.com\/index.php\/wp-json\/wp\/v2\/comments?post=68449"}],"wp:featuredmedia":[{"embeddable":true,"href":"https:\/\/abinox-chr-clim.com\/index.php\/wp-json\/wp\/v2\/media\/104301"}],"wp:attachment":[{"href":"https:\/\/abinox-chr-clim.com\/index.php\/wp-json\/wp\/v2\/media?parent=68449"}],"wp:term":[{"taxonomy":"product_brand","embeddable":true,"href":"https:\/\/abinox-chr-clim.com\/index.php\/wp-json\/wp\/v2\/product_brand?post=68449"},{"taxonomy":"product_cat","embeddable":true,"href":"https:\/\/abinox-chr-clim.com\/index.php\/wp-json\/wp\/v2\/product_cat?post=68449"},{"taxonomy":"product_tag","embeddable":true,"href":"https:\/\/abinox-chr-clim.com\/index.php\/wp-json\/wp\/v2\/product_tag?post=68449"}],"curies":[{"name":"wp","href":"https:\/\/api.w.org\/{rel}","templated":true}]}}