{"id":68445,"date":"2024-03-22T16:11:15","date_gmt":"2024-03-22T15:11:15","guid":{"rendered":"https:\/\/abinox-chr-clim.com\/index.php\/product\/pince-commandes-vogue-457mm\/"},"modified":"2026-04-02T08:54:37","modified_gmt":"2026-04-02T06:54:37","slug":"pince-commandes-vogue-457mm","status":"publish","type":"product","link":"https:\/\/abinox-chr-clim.com\/index.php\/product\/pince-commandes-vogue-457mm\/","title":{"rendered":"Pince-commandes Vogue 457mm"},"content":{"rendered":"<p>Rangez les commandes de fa\u00e7on ordonn\u00e9e et syst\u00e9matique. La commande est fermement tenue en place, tout en \u00e9tant facile \u00e0 retirer ou \u00e0 d\u00e9placer (maintien par syst\u00e8me \u00e0 billes).<br \/>Facile \u00e0 installer &#8211; Fixations incluses. Acc\u00e9dez facilement aux commandes pour acc\u00e9l\u00e9rer le service. Maintient fermement les bons de commande sans qu&rsquo;ils soient difficiles \u00e0 enlever. Facile \u00e0 nettoyer. Largeur de 455 m &#8211; espace pour environ 5 bons.  Facile \u00e0 installer &#8211; Fixations incluses.<\/p>\n<p>Caract\u00e9ristiques :<br \/> Dimensions : 455(L) mm.<br \/> Mati\u00e8re : Aluminium.<br \/> Couleur : Argent.<\/p>\n","protected":false},"excerpt":{"rendered":"<p>Pince-commandes Vogue 457mm<\/p>\n","protected":false},"featured_media":104252,"comment_status":"closed","ping_status":"closed","template":"","meta":[],"product_brand":[],"product_cat":[1064,1297,1098,1104],"product_tag":[],"class_list":{"0":"post-68445","1":"product","2":"type-product","3":"status-publish","4":"has-post-thumbnail","6":"product_cat-cuisine","7":"product_cat-non-palettisable","8":"product_cat-ustensiles-cuisine","9":"product_cat-ustensiles-de-cuisine","10":"product_shipping_class-free-shipping","12":"first","13":"instock","14":"featured","15":"taxable","16":"shipping-taxable","17":"purchasable","18":"product-type-simple"},"_links":{"self":[{"href":"https:\/\/abinox-chr-clim.com\/index.php\/wp-json\/wp\/v2\/product\/68445","targetHints":{"allow":["GET"]}}],"collection":[{"href":"https:\/\/abinox-chr-clim.com\/index.php\/wp-json\/wp\/v2\/product"}],"about":[{"href":"https:\/\/abinox-chr-clim.com\/index.php\/wp-json\/wp\/v2\/types\/product"}],"replies":[{"embeddable":true,"href":"https:\/\/abinox-chr-clim.com\/index.php\/wp-json\/wp\/v2\/comments?post=68445"}],"wp:featuredmedia":[{"embeddable":true,"href":"https:\/\/abinox-chr-clim.com\/index.php\/wp-json\/wp\/v2\/media\/104252"}],"wp:attachment":[{"href":"https:\/\/abinox-chr-clim.com\/index.php\/wp-json\/wp\/v2\/media?parent=68445"}],"wp:term":[{"taxonomy":"product_brand","embeddable":true,"href":"https:\/\/abinox-chr-clim.com\/index.php\/wp-json\/wp\/v2\/product_brand?post=68445"},{"taxonomy":"product_cat","embeddable":true,"href":"https:\/\/abinox-chr-clim.com\/index.php\/wp-json\/wp\/v2\/product_cat?post=68445"},{"taxonomy":"product_tag","embeddable":true,"href":"https:\/\/abinox-chr-clim.com\/index.php\/wp-json\/wp\/v2\/product_tag?post=68445"}],"curies":[{"name":"wp","href":"https:\/\/api.w.org\/{rel}","templated":true}]}}