{"id":68444,"date":"2024-03-22T16:11:15","date_gmt":"2024-03-22T15:11:15","guid":{"rendered":"https:\/\/abinox-chr-clim.com\/index.php\/product\/pelle-en-acier-inoxydable-vogue-2l\/"},"modified":"2026-04-02T08:54:21","modified_gmt":"2026-04-02T06:54:21","slug":"pelle-en-acier-inoxydable-vogue-2l","status":"publish","type":"product","link":"https:\/\/abinox-chr-clim.com\/index.php\/product\/pelle-en-acier-inoxydable-vogue-2l\/","title":{"rendered":"Pelle en acier inoxydable Vogue 2L"},"content":{"rendered":"<p>Tubulaires. Faciles \u00e0 nettoyer. Les longueurs indiqu\u00e9es ne prennent pas en compte le manche.<br \/>Grande capacit\u00e9, peut contenir beaucoup d&rsquo;aliments. Poign\u00e9e rainur\u00e9e pour une meilleure prise en main. La poign\u00e9e creuse ne transmet pas la chaleur. L&rsquo;acier inoxydable est durable. Mat\u00e9riau facile \u00e0 nettoyer.  Grande capacit\u00e9, peut contenir beaucoup d&rsquo;aliments.<\/p>\n<p>Caract\u00e9ristiques :<br \/> Capacit\u00e9 : 1,95 L.<br \/> Dimensions : 230(L) mm.<br \/> Mati\u00e8re : Inox.<br \/> Couleur : Argent.<\/p>\n","protected":false},"excerpt":{"rendered":"<p>Pelle en acier inoxydable Vogue 2L<\/p>\n","protected":false},"featured_media":104231,"comment_status":"closed","ping_status":"closed","template":"","meta":[],"product_brand":[],"product_cat":[1064,1297,1098,1104],"product_tag":[],"class_list":{"0":"post-68444","1":"product","2":"type-product","3":"status-publish","4":"has-post-thumbnail","6":"product_cat-cuisine","7":"product_cat-non-palettisable","8":"product_cat-ustensiles-cuisine","9":"product_cat-ustensiles-de-cuisine","10":"product_shipping_class-free-shipping","12":"first","13":"instock","14":"featured","15":"taxable","16":"shipping-taxable","17":"purchasable","18":"product-type-simple"},"_links":{"self":[{"href":"https:\/\/abinox-chr-clim.com\/index.php\/wp-json\/wp\/v2\/product\/68444","targetHints":{"allow":["GET"]}}],"collection":[{"href":"https:\/\/abinox-chr-clim.com\/index.php\/wp-json\/wp\/v2\/product"}],"about":[{"href":"https:\/\/abinox-chr-clim.com\/index.php\/wp-json\/wp\/v2\/types\/product"}],"replies":[{"embeddable":true,"href":"https:\/\/abinox-chr-clim.com\/index.php\/wp-json\/wp\/v2\/comments?post=68444"}],"wp:featuredmedia":[{"embeddable":true,"href":"https:\/\/abinox-chr-clim.com\/index.php\/wp-json\/wp\/v2\/media\/104231"}],"wp:attachment":[{"href":"https:\/\/abinox-chr-clim.com\/index.php\/wp-json\/wp\/v2\/media?parent=68444"}],"wp:term":[{"taxonomy":"product_brand","embeddable":true,"href":"https:\/\/abinox-chr-clim.com\/index.php\/wp-json\/wp\/v2\/product_brand?post=68444"},{"taxonomy":"product_cat","embeddable":true,"href":"https:\/\/abinox-chr-clim.com\/index.php\/wp-json\/wp\/v2\/product_cat?post=68444"},{"taxonomy":"product_tag","embeddable":true,"href":"https:\/\/abinox-chr-clim.com\/index.php\/wp-json\/wp\/v2\/product_tag?post=68444"}],"curies":[{"name":"wp","href":"https:\/\/api.w.org\/{rel}","templated":true}]}}