{"id":68440,"date":"2024-03-22T16:11:13","date_gmt":"2024-03-22T15:11:13","guid":{"rendered":"https:\/\/abinox-chr-clim.com\/index.php\/product\/moulin-a-legumes-tellier-en-acier-etame-n3-31-cm\/"},"modified":"2026-04-02T08:54:14","modified_gmt":"2026-04-02T06:54:14","slug":"moulin-a-legumes-tellier-en-acier-etame-n3-31-cm","status":"publish","type":"product","link":"https:\/\/abinox-chr-clim.com\/index.php\/product\/moulin-a-legumes-tellier-en-acier-etame-n3-31-cm\/","title":{"rendered":"Moulin \u00e0 l\u00e9gumes Tellier en acier \u00e9tam\u00e9 n\u00b03 &#8211; 31 cm"},"content":{"rendered":"<p>D\u00e9bit de 1,5kg par minute pour 10 \u00e0 20 portions. Fourni avec 3 grilles, perforations 1,5mm, 2,5mm et 4mm. Disponible en acier inoxydable ou acier \u00e9tam\u00e9.<br \/>Pour pr\u00e9parer facilement soupes, pur\u00e9es et pulpes. Fourni avec 3 grilles diff\u00e9rentes : perforations 1,5mm, 2,5mm et 4mm.D\u00e9bit de 1 &#8211; 1,5kg par minute, pour 10 &#8211; 20 portions. Poign\u00e9e confortable antid\u00e9rapante. En acier \u00e9tam\u00e9 compatible lave-vaisselle.  Pour pr\u00e9parer facilement soupes, pur\u00e9es et pulpes.<\/p>\n<p>Caract\u00e9ristiques :<br \/> Dimensions : 310(L) mm.<br \/> Mati\u00e8re : Acier \u00e9tam\u00e9.<br \/> Couleur : Argent.<\/p>\n","protected":false},"excerpt":{"rendered":"<p>Moulin \u00e0 l\u00e9gumes Tellier en acier \u00e9tam\u00e9 n\u00b03 &#8211; 31 cm<\/p>\n","protected":false},"featured_media":104222,"comment_status":"closed","ping_status":"closed","template":"","meta":[],"product_brand":[],"product_cat":[1064,1297,1098,1104],"product_tag":[],"class_list":{"0":"post-68440","1":"product","2":"type-product","3":"status-publish","4":"has-post-thumbnail","6":"product_cat-cuisine","7":"product_cat-non-palettisable","8":"product_cat-ustensiles-cuisine","9":"product_cat-ustensiles-de-cuisine","10":"product_shipping_class-free-shipping","12":"first","13":"instock","14":"featured","15":"taxable","16":"shipping-taxable","17":"purchasable","18":"product-type-simple"},"_links":{"self":[{"href":"https:\/\/abinox-chr-clim.com\/index.php\/wp-json\/wp\/v2\/product\/68440","targetHints":{"allow":["GET"]}}],"collection":[{"href":"https:\/\/abinox-chr-clim.com\/index.php\/wp-json\/wp\/v2\/product"}],"about":[{"href":"https:\/\/abinox-chr-clim.com\/index.php\/wp-json\/wp\/v2\/types\/product"}],"replies":[{"embeddable":true,"href":"https:\/\/abinox-chr-clim.com\/index.php\/wp-json\/wp\/v2\/comments?post=68440"}],"wp:featuredmedia":[{"embeddable":true,"href":"https:\/\/abinox-chr-clim.com\/index.php\/wp-json\/wp\/v2\/media\/104222"}],"wp:attachment":[{"href":"https:\/\/abinox-chr-clim.com\/index.php\/wp-json\/wp\/v2\/media?parent=68440"}],"wp:term":[{"taxonomy":"product_brand","embeddable":true,"href":"https:\/\/abinox-chr-clim.com\/index.php\/wp-json\/wp\/v2\/product_brand?post=68440"},{"taxonomy":"product_cat","embeddable":true,"href":"https:\/\/abinox-chr-clim.com\/index.php\/wp-json\/wp\/v2\/product_cat?post=68440"},{"taxonomy":"product_tag","embeddable":true,"href":"https:\/\/abinox-chr-clim.com\/index.php\/wp-json\/wp\/v2\/product_tag?post=68440"}],"curies":[{"name":"wp","href":"https:\/\/api.w.org\/{rel}","templated":true}]}}