{"id":68428,"date":"2024-03-22T16:11:07","date_gmt":"2024-03-22T15:11:07","guid":{"rendered":"https:\/\/abinox-chr-clim.com\/index.php\/product\/portionneur-a-glace-en-inox-50ml-vogue\/"},"modified":"2026-04-02T08:54:02","modified_gmt":"2026-04-02T06:54:02","slug":"portionneur-a-glace-en-inox-50ml-vogue","status":"publish","type":"product","link":"https:\/\/abinox-chr-clim.com\/index.php\/product\/portionneur-a-glace-en-inox-50ml-vogue\/","title":{"rendered":"Portionneur \u00e0 glace en inox 50ml Vogue"},"content":{"rendered":"<p>Portionneurs en acier inoxydable de haute qualit\u00e9 avec manche \u00e0 ressort.<br \/>Convient pour une utilisation avec une grande vari\u00e9t\u00e9 d&rsquo;aliments, y compris la pur\u00e9e, la cr\u00e8me glac\u00e9e, le riz et les sauces \u00e9paisses. Conception ergonomique de la poign\u00e9e &#8211; id\u00e9ale pour les longs services. Id\u00e9al pour un contr\u00f4le uniforme des portions &#8211; r\u00e9duit le gaspillage. Design facile \u00e0 nettoyer &#8211; va au lave-vaisselle. Poign\u00e9e \u00e0 ressort longue dur\u00e9e &#8211; con\u00e7ue pour un usage professionnel.  Convient pour une utilisation avec une grande vari\u00e9t\u00e9 d&rsquo;aliments, y compris la pur\u00e9e, la cr\u00e8me glac\u00e9e, le riz et les sauces \u00e9paisses.<\/p>\n<p>Caract\u00e9ristiques :<br \/> Capacit\u00e9 : 50ml.<br \/> Dimensions : 54(\u00d8)mm.<br \/> Mati\u00e8re : Acier inoxydable.<br \/> Couleur : Argent.<\/p>\n","protected":false},"excerpt":{"rendered":"<p>Portionneur \u00e0 glace en inox 50ml Vogue<\/p>\n","protected":false},"featured_media":104206,"comment_status":"closed","ping_status":"closed","template":"","meta":[],"product_brand":[],"product_cat":[1064,1297,1098,1104],"product_tag":[],"class_list":{"0":"post-68428","1":"product","2":"type-product","3":"status-publish","4":"has-post-thumbnail","6":"product_cat-cuisine","7":"product_cat-non-palettisable","8":"product_cat-ustensiles-cuisine","9":"product_cat-ustensiles-de-cuisine","10":"product_shipping_class-free-shipping","12":"first","13":"instock","14":"featured","15":"taxable","16":"shipping-taxable","17":"purchasable","18":"product-type-simple"},"_links":{"self":[{"href":"https:\/\/abinox-chr-clim.com\/index.php\/wp-json\/wp\/v2\/product\/68428","targetHints":{"allow":["GET"]}}],"collection":[{"href":"https:\/\/abinox-chr-clim.com\/index.php\/wp-json\/wp\/v2\/product"}],"about":[{"href":"https:\/\/abinox-chr-clim.com\/index.php\/wp-json\/wp\/v2\/types\/product"}],"replies":[{"embeddable":true,"href":"https:\/\/abinox-chr-clim.com\/index.php\/wp-json\/wp\/v2\/comments?post=68428"}],"wp:featuredmedia":[{"embeddable":true,"href":"https:\/\/abinox-chr-clim.com\/index.php\/wp-json\/wp\/v2\/media\/104206"}],"wp:attachment":[{"href":"https:\/\/abinox-chr-clim.com\/index.php\/wp-json\/wp\/v2\/media?parent=68428"}],"wp:term":[{"taxonomy":"product_brand","embeddable":true,"href":"https:\/\/abinox-chr-clim.com\/index.php\/wp-json\/wp\/v2\/product_brand?post=68428"},{"taxonomy":"product_cat","embeddable":true,"href":"https:\/\/abinox-chr-clim.com\/index.php\/wp-json\/wp\/v2\/product_cat?post=68428"},{"taxonomy":"product_tag","embeddable":true,"href":"https:\/\/abinox-chr-clim.com\/index.php\/wp-json\/wp\/v2\/product_tag?post=68428"}],"curies":[{"name":"wp","href":"https:\/\/api.w.org\/{rel}","templated":true}]}}