{"id":68425,"date":"2024-03-22T16:11:06","date_gmt":"2024-03-22T15:11:06","guid":{"rendered":"https:\/\/abinox-chr-clim.com\/index.php\/product\/cuillere-a-glace-16-boules-vogue-71ml\/"},"modified":"2026-04-02T08:53:59","modified_gmt":"2026-04-02T06:53:59","slug":"cuillere-a-glace-16-boules-vogue-71ml","status":"publish","type":"product","link":"https:\/\/abinox-chr-clim.com\/index.php\/product\/cuillere-a-glace-16-boules-vogue-71ml\/","title":{"rendered":"Cuill\u00e8re \u00e0 glace 16 boules Vogue 71ml"},"content":{"rendered":"<p>La cuill\u00e8re de haute qualit\u00e9 est capable de r\u00e9sister \u00e0 une utilisation r\u00e9guli\u00e8re sans s&rsquo;ab\u00eemer. Lavage \u00e0 la main uniquement. La grande taille de la cuill\u00e8re permet de recueillir 16 portions par litre. La poign\u00e9e est remplie d&rsquo;un liquide conducteur pour \u00e9viter que les mains ne deviennent froides. Le code couleur et la num\u00e9rotation des extr\u00e9mit\u00e9s permettent une identification facile.  La cuill\u00e8re de haute qualit\u00e9 est capable de r\u00e9sister \u00e0 une utilisation r\u00e9guli\u00e8re sans s&rsquo;ab\u00eemer.<\/p>\n<p>Caract\u00e9ristiques :<br \/> Capacit\u00e9 : 71ml.<br \/> Dimensions : 180mm.<br \/> Mati\u00e8re : Aluminium<\/p>\n","protected":false},"excerpt":{"rendered":"<p>Cuill\u00e8re \u00e0 glace 16 boules Vogue 71ml<\/p>\n","protected":false},"featured_media":104203,"comment_status":"closed","ping_status":"closed","template":"","meta":[],"product_brand":[],"product_cat":[1064,1297,1098,1104],"product_tag":[],"class_list":{"0":"post-68425","1":"product","2":"type-product","3":"status-publish","4":"has-post-thumbnail","6":"product_cat-cuisine","7":"product_cat-non-palettisable","8":"product_cat-ustensiles-cuisine","9":"product_cat-ustensiles-de-cuisine","10":"product_shipping_class-free-shipping","12":"first","13":"instock","14":"featured","15":"taxable","16":"shipping-taxable","17":"purchasable","18":"product-type-simple"},"_links":{"self":[{"href":"https:\/\/abinox-chr-clim.com\/index.php\/wp-json\/wp\/v2\/product\/68425","targetHints":{"allow":["GET"]}}],"collection":[{"href":"https:\/\/abinox-chr-clim.com\/index.php\/wp-json\/wp\/v2\/product"}],"about":[{"href":"https:\/\/abinox-chr-clim.com\/index.php\/wp-json\/wp\/v2\/types\/product"}],"replies":[{"embeddable":true,"href":"https:\/\/abinox-chr-clim.com\/index.php\/wp-json\/wp\/v2\/comments?post=68425"}],"wp:featuredmedia":[{"embeddable":true,"href":"https:\/\/abinox-chr-clim.com\/index.php\/wp-json\/wp\/v2\/media\/104203"}],"wp:attachment":[{"href":"https:\/\/abinox-chr-clim.com\/index.php\/wp-json\/wp\/v2\/media?parent=68425"}],"wp:term":[{"taxonomy":"product_brand","embeddable":true,"href":"https:\/\/abinox-chr-clim.com\/index.php\/wp-json\/wp\/v2\/product_brand?post=68425"},{"taxonomy":"product_cat","embeddable":true,"href":"https:\/\/abinox-chr-clim.com\/index.php\/wp-json\/wp\/v2\/product_cat?post=68425"},{"taxonomy":"product_tag","embeddable":true,"href":"https:\/\/abinox-chr-clim.com\/index.php\/wp-json\/wp\/v2\/product_tag?post=68425"}],"curies":[{"name":"wp","href":"https:\/\/api.w.org\/{rel}","templated":true}]}}