{"id":68423,"date":"2024-03-22T16:11:05","date_gmt":"2024-03-22T15:11:05","guid":{"rendered":"https:\/\/abinox-chr-clim.com\/index.php\/product\/portionneur-53ml-bonzer-litegrip-taille-20\/"},"modified":"2026-04-02T08:53:58","modified_gmt":"2026-04-02T06:53:58","slug":"portionneur-53ml-bonzer-litegrip-taille-20","status":"publish","type":"product","link":"https:\/\/abinox-chr-clim.com\/index.php\/product\/portionneur-53ml-bonzer-litegrip-taille-20\/","title":{"rendered":"Portionneur 53ml Bonzer Litegrip taille 20"},"content":{"rendered":"<p>Portionneurs \u00e0 codes couleurs pour une identification rapide et un service facilit\u00e9. Id\u00e9al pour le saliments plus consistants tels que la pur\u00e9e, les l\u00e9gumes et la cr\u00e8me glac\u00e9e moelleuse. L\u00e9gers, ils ne poss\u00e8dent ni ressort ni recoin pouvant bloquer les aliments. Lavables au lave-vaisselle. Fonctionnent par pression de la main.<br \/>Hygi\u00e9nique. Pas de ressort.Lavable au lave-vaisselle. Hygi\u00e9nique. .<br \/> Caract\u00e9ristiques :<br \/> Capacit\u00e9 : 53ml.<br \/> Dimensions : 54(dia)mm.<br \/> Mati\u00e8re : Acier inoxydable.<br \/> Couleur : Jaune.<\/p>\n","protected":false},"excerpt":{"rendered":"<p>Portionneur 53ml Bonzer Litegrip taille 20<\/p>\n","protected":false},"featured_media":104201,"comment_status":"closed","ping_status":"closed","template":"","meta":[],"product_brand":[],"product_cat":[1064,1297,1098,1104],"product_tag":[],"class_list":{"0":"post-68423","1":"product","2":"type-product","3":"status-publish","4":"has-post-thumbnail","6":"product_cat-cuisine","7":"product_cat-non-palettisable","8":"product_cat-ustensiles-cuisine","9":"product_cat-ustensiles-de-cuisine","10":"product_shipping_class-free-shipping","12":"first","13":"instock","14":"featured","15":"taxable","16":"shipping-taxable","17":"purchasable","18":"product-type-simple"},"_links":{"self":[{"href":"https:\/\/abinox-chr-clim.com\/index.php\/wp-json\/wp\/v2\/product\/68423","targetHints":{"allow":["GET"]}}],"collection":[{"href":"https:\/\/abinox-chr-clim.com\/index.php\/wp-json\/wp\/v2\/product"}],"about":[{"href":"https:\/\/abinox-chr-clim.com\/index.php\/wp-json\/wp\/v2\/types\/product"}],"replies":[{"embeddable":true,"href":"https:\/\/abinox-chr-clim.com\/index.php\/wp-json\/wp\/v2\/comments?post=68423"}],"wp:featuredmedia":[{"embeddable":true,"href":"https:\/\/abinox-chr-clim.com\/index.php\/wp-json\/wp\/v2\/media\/104201"}],"wp:attachment":[{"href":"https:\/\/abinox-chr-clim.com\/index.php\/wp-json\/wp\/v2\/media?parent=68423"}],"wp:term":[{"taxonomy":"product_brand","embeddable":true,"href":"https:\/\/abinox-chr-clim.com\/index.php\/wp-json\/wp\/v2\/product_brand?post=68423"},{"taxonomy":"product_cat","embeddable":true,"href":"https:\/\/abinox-chr-clim.com\/index.php\/wp-json\/wp\/v2\/product_cat?post=68423"},{"taxonomy":"product_tag","embeddable":true,"href":"https:\/\/abinox-chr-clim.com\/index.php\/wp-json\/wp\/v2\/product_tag?post=68423"}],"curies":[{"name":"wp","href":"https:\/\/api.w.org\/{rel}","templated":true}]}}