{"id":68421,"date":"2024-03-22T16:11:04","date_gmt":"2024-03-22T15:11:04","guid":{"rendered":"https:\/\/abinox-chr-clim.com\/index.php\/product\/spatule-et-maryse-embout-caoutchouc-vogue-405mm\/"},"modified":"2026-04-02T08:53:57","modified_gmt":"2026-04-02T06:53:57","slug":"spatule-et-maryse-embout-caoutchouc-vogue-405mm","status":"publish","type":"product","link":"https:\/\/abinox-chr-clim.com\/index.php\/product\/spatule-et-maryse-embout-caoutchouc-vogue-405mm\/","title":{"rendered":"Spatule et maryse embout caoutchouc Vogue 405mm"},"content":{"rendered":"<p>Embout en caoutchouc pour racler. Manche hygi\u00e9nique r\u00e9sistant. Lavable au lave-vaisselle.<br \/>R\u00e9sistant au lave-vaisselle.Manche hygi\u00e9nique r\u00e9sistant.Id\u00e9ale pour une utilisation avec les batteries de cuisine antiadh\u00e9sivse. R\u00e9sistant au lave-vaisselle. .<br \/> Caract\u00e9ristiques :<br \/> Dimensions : 405(L) mm.<br \/> Mati\u00e8re : Embout en caoutchouc.<br \/> Couleur : Blanc.<\/p>\n","protected":false},"excerpt":{"rendered":"<p>Spatule et maryse embout caoutchouc Vogue 405mm<\/p>\n","protected":false},"featured_media":104199,"comment_status":"closed","ping_status":"closed","template":"","meta":[],"product_brand":[],"product_cat":[1064,1297,1098,1104],"product_tag":[],"class_list":{"0":"post-68421","1":"product","2":"type-product","3":"status-publish","4":"has-post-thumbnail","6":"product_cat-cuisine","7":"product_cat-non-palettisable","8":"product_cat-ustensiles-cuisine","9":"product_cat-ustensiles-de-cuisine","10":"product_shipping_class-free-shipping","12":"first","13":"instock","14":"featured","15":"taxable","16":"shipping-taxable","17":"purchasable","18":"product-type-simple"},"_links":{"self":[{"href":"https:\/\/abinox-chr-clim.com\/index.php\/wp-json\/wp\/v2\/product\/68421","targetHints":{"allow":["GET"]}}],"collection":[{"href":"https:\/\/abinox-chr-clim.com\/index.php\/wp-json\/wp\/v2\/product"}],"about":[{"href":"https:\/\/abinox-chr-clim.com\/index.php\/wp-json\/wp\/v2\/types\/product"}],"replies":[{"embeddable":true,"href":"https:\/\/abinox-chr-clim.com\/index.php\/wp-json\/wp\/v2\/comments?post=68421"}],"wp:featuredmedia":[{"embeddable":true,"href":"https:\/\/abinox-chr-clim.com\/index.php\/wp-json\/wp\/v2\/media\/104199"}],"wp:attachment":[{"href":"https:\/\/abinox-chr-clim.com\/index.php\/wp-json\/wp\/v2\/media?parent=68421"}],"wp:term":[{"taxonomy":"product_brand","embeddable":true,"href":"https:\/\/abinox-chr-clim.com\/index.php\/wp-json\/wp\/v2\/product_brand?post=68421"},{"taxonomy":"product_cat","embeddable":true,"href":"https:\/\/abinox-chr-clim.com\/index.php\/wp-json\/wp\/v2\/product_cat?post=68421"},{"taxonomy":"product_tag","embeddable":true,"href":"https:\/\/abinox-chr-clim.com\/index.php\/wp-json\/wp\/v2\/product_tag?post=68421"}],"curies":[{"name":"wp","href":"https:\/\/api.w.org\/{rel}","templated":true}]}}