{"id":68417,"date":"2024-03-22T16:11:02","date_gmt":"2024-03-22T15:11:02","guid":{"rendered":"https:\/\/abinox-chr-clim.com\/index.php\/product\/spatule-cuillere-vogue-255mm\/"},"modified":"2026-04-02T08:53:54","modified_gmt":"2026-04-02T06:53:54","slug":"spatule-cuillere-vogue-255mm","status":"publish","type":"product","link":"https:\/\/abinox-chr-clim.com\/index.php\/product\/spatule-cuillere-vogue-255mm\/","title":{"rendered":"Spatule-cuill\u00e8re Vogue 255mm"},"content":{"rendered":"<p>La t\u00eate en forme de cuill\u00e8re en caoutchouc souple permet de m\u00e9langer et r\u00e2cler. Manche r\u00e9sistant hygi\u00e9nique. R\u00e9sistance thermique jusqu&rsquo;\u00e0 50\u00b0C.<br \/>Adapt\u00e9e \u00e0 de nombreuses utilisations. Adapt\u00e9e \u00e0 de nombreuses utilisations.<\/p>\n<p>Caract\u00e9ristiques :<br \/> Dimensions : 255(L) mm.<br \/> Mati\u00e8re : Caoutchouc.<br \/> Couleur : Blanc.<\/p>\n","protected":false},"excerpt":{"rendered":"<p>Spatule-cuill\u00e8re Vogue 255mm<\/p>\n","protected":false},"featured_media":104195,"comment_status":"closed","ping_status":"closed","template":"","meta":[],"product_brand":[],"product_cat":[1064,1297,1098,1104],"product_tag":[],"class_list":{"0":"post-68417","1":"product","2":"type-product","3":"status-publish","4":"has-post-thumbnail","6":"product_cat-cuisine","7":"product_cat-non-palettisable","8":"product_cat-ustensiles-cuisine","9":"product_cat-ustensiles-de-cuisine","10":"product_shipping_class-free-shipping","12":"first","13":"instock","14":"featured","15":"taxable","16":"shipping-taxable","17":"purchasable","18":"product-type-simple"},"_links":{"self":[{"href":"https:\/\/abinox-chr-clim.com\/index.php\/wp-json\/wp\/v2\/product\/68417","targetHints":{"allow":["GET"]}}],"collection":[{"href":"https:\/\/abinox-chr-clim.com\/index.php\/wp-json\/wp\/v2\/product"}],"about":[{"href":"https:\/\/abinox-chr-clim.com\/index.php\/wp-json\/wp\/v2\/types\/product"}],"replies":[{"embeddable":true,"href":"https:\/\/abinox-chr-clim.com\/index.php\/wp-json\/wp\/v2\/comments?post=68417"}],"wp:featuredmedia":[{"embeddable":true,"href":"https:\/\/abinox-chr-clim.com\/index.php\/wp-json\/wp\/v2\/media\/104195"}],"wp:attachment":[{"href":"https:\/\/abinox-chr-clim.com\/index.php\/wp-json\/wp\/v2\/media?parent=68417"}],"wp:term":[{"taxonomy":"product_brand","embeddable":true,"href":"https:\/\/abinox-chr-clim.com\/index.php\/wp-json\/wp\/v2\/product_brand?post=68417"},{"taxonomy":"product_cat","embeddable":true,"href":"https:\/\/abinox-chr-clim.com\/index.php\/wp-json\/wp\/v2\/product_cat?post=68417"},{"taxonomy":"product_tag","embeddable":true,"href":"https:\/\/abinox-chr-clim.com\/index.php\/wp-json\/wp\/v2\/product_tag?post=68417"}],"curies":[{"name":"wp","href":"https:\/\/api.w.org\/{rel}","templated":true}]}}