{"id":68412,"date":"2024-03-22T16:11:00","date_gmt":"2024-03-22T15:11:00","guid":{"rendered":"https:\/\/abinox-chr-clim.com\/index.php\/product\/spatule-ajouree-resistant-a-la-chaleur-matfer-bourgeat\/"},"modified":"2026-04-02T08:53:51","modified_gmt":"2026-04-02T06:53:51","slug":"spatule-ajouree-resistant-a-la-chaleur-matfer-bourgeat","status":"publish","type":"product","link":"https:\/\/abinox-chr-clim.com\/index.php\/product\/spatule-ajouree-resistant-a-la-chaleur-matfer-bourgeat\/","title":{"rendered":"Spatule ajour\u00e9e r\u00e9sistant \u00e0 la chaleur Matfer Bourgeat"},"content":{"rendered":"<p>A utiliser dans les po\u00eales antiadh\u00e9sives et en cours de cuisson.<br \/>R\u00e9siste \u00e0 la chaleur. R\u00e9siste \u00e0 la chaleur.<\/p>\n<p>Caract\u00e9ristiques :<br \/> Dimensions : 305(L) mm.<br \/> Mati\u00e8re : Plastique.<br \/> Couleur : Noir.<\/p>\n","protected":false},"excerpt":{"rendered":"<p>Spatule ajour\u00e9e r\u00e9sistant \u00e0 la chaleur Matfer Bourgeat<\/p>\n","protected":false},"featured_media":104190,"comment_status":"closed","ping_status":"closed","template":"","meta":[],"product_brand":[],"product_cat":[1064,1297,1098,1104],"product_tag":[],"class_list":{"0":"post-68412","1":"product","2":"type-product","3":"status-publish","4":"has-post-thumbnail","6":"product_cat-cuisine","7":"product_cat-non-palettisable","8":"product_cat-ustensiles-cuisine","9":"product_cat-ustensiles-de-cuisine","10":"product_shipping_class-free-shipping","12":"first","13":"instock","14":"featured","15":"taxable","16":"shipping-taxable","17":"purchasable","18":"product-type-simple"},"_links":{"self":[{"href":"https:\/\/abinox-chr-clim.com\/index.php\/wp-json\/wp\/v2\/product\/68412","targetHints":{"allow":["GET"]}}],"collection":[{"href":"https:\/\/abinox-chr-clim.com\/index.php\/wp-json\/wp\/v2\/product"}],"about":[{"href":"https:\/\/abinox-chr-clim.com\/index.php\/wp-json\/wp\/v2\/types\/product"}],"replies":[{"embeddable":true,"href":"https:\/\/abinox-chr-clim.com\/index.php\/wp-json\/wp\/v2\/comments?post=68412"}],"wp:featuredmedia":[{"embeddable":true,"href":"https:\/\/abinox-chr-clim.com\/index.php\/wp-json\/wp\/v2\/media\/104190"}],"wp:attachment":[{"href":"https:\/\/abinox-chr-clim.com\/index.php\/wp-json\/wp\/v2\/media?parent=68412"}],"wp:term":[{"taxonomy":"product_brand","embeddable":true,"href":"https:\/\/abinox-chr-clim.com\/index.php\/wp-json\/wp\/v2\/product_brand?post=68412"},{"taxonomy":"product_cat","embeddable":true,"href":"https:\/\/abinox-chr-clim.com\/index.php\/wp-json\/wp\/v2\/product_cat?post=68412"},{"taxonomy":"product_tag","embeddable":true,"href":"https:\/\/abinox-chr-clim.com\/index.php\/wp-json\/wp\/v2\/product_tag?post=68412"}],"curies":[{"name":"wp","href":"https:\/\/api.w.org\/{rel}","templated":true}]}}