{"id":68411,"date":"2024-03-22T16:11:00","date_gmt":"2024-03-22T15:11:00","guid":{"rendered":"https:\/\/abinox-chr-clim.com\/index.php\/product\/moulin-a-legumes-203mm\/"},"modified":"2026-04-02T08:53:33","modified_gmt":"2026-04-02T06:53:33","slug":"moulin-a-legumes-203mm","status":"publish","type":"product","link":"https:\/\/abinox-chr-clim.com\/index.php\/product\/moulin-a-legumes-203mm\/","title":{"rendered":"Moulin \u00e0 l\u00e9gumes 203mm"},"content":{"rendered":"<p>Fabriqu\u00e9 en acier inoxydable de qualit\u00e9. Pour mixer les fruits et l\u00e9gumes ou la viande pour vos soupes pr\u00e9f\u00e9r\u00e9es. Fourni avec 3 grilles, fine, moyenne et grosse. D\u00e9montable pour un nettoyage ais\u00e9. Acier \u00e9tam\u00e9 r\u00e9sistant au lave-vaisselle.<br \/>R\u00e9duit rapidement et efficacement en pur\u00e9e la viande, les fruits et les l\u00e9gumes (sans les os). Coupe avec une pr\u00e9cision sans faille &#8211; pas de branchement \u00e9lectrique n\u00e9cessaire. Livr\u00e9 avec 3 disques interchangeables pour des pr\u00e9parations aux textures diff\u00e9rentes.Conception facile \u00e0 nettoyer pour gagner du temps &#8211; lavable au lave-vaisselle. Poign\u00e9e solide et support de casserole &#8211; pour r\u00e9duire en pur\u00e9e directement dans la casserole.  R\u00e9duit rapidement et efficacement en pur\u00e9e la viande, les fruits et les l\u00e9gumes (sans les os).<\/p>\n<p>Caract\u00e9ristiques :<br \/> Dimensions : 203(\u00d8) mm.<br \/> Mati\u00e8re : Acier inoxydable.<br \/> Couleur : Argent.<\/p>\n","protected":false},"excerpt":{"rendered":"<p>Moulin \u00e0 l\u00e9gumes 203mm<\/p>\n","protected":false},"featured_media":0,"comment_status":"closed","ping_status":"closed","template":"","meta":[],"product_brand":[],"product_cat":[1064,1297,1098,1104],"product_tag":[],"class_list":{"0":"post-68411","1":"product","2":"type-product","3":"status-publish","5":"product_cat-cuisine","6":"product_cat-non-palettisable","7":"product_cat-ustensiles-cuisine","8":"product_cat-ustensiles-de-cuisine","9":"product_shipping_class-free-shipping","11":"first","12":"instock","13":"featured","14":"taxable","15":"shipping-taxable","16":"purchasable","17":"product-type-simple"},"_links":{"self":[{"href":"https:\/\/abinox-chr-clim.com\/index.php\/wp-json\/wp\/v2\/product\/68411","targetHints":{"allow":["GET"]}}],"collection":[{"href":"https:\/\/abinox-chr-clim.com\/index.php\/wp-json\/wp\/v2\/product"}],"about":[{"href":"https:\/\/abinox-chr-clim.com\/index.php\/wp-json\/wp\/v2\/types\/product"}],"replies":[{"embeddable":true,"href":"https:\/\/abinox-chr-clim.com\/index.php\/wp-json\/wp\/v2\/comments?post=68411"}],"wp:attachment":[{"href":"https:\/\/abinox-chr-clim.com\/index.php\/wp-json\/wp\/v2\/media?parent=68411"}],"wp:term":[{"taxonomy":"product_brand","embeddable":true,"href":"https:\/\/abinox-chr-clim.com\/index.php\/wp-json\/wp\/v2\/product_brand?post=68411"},{"taxonomy":"product_cat","embeddable":true,"href":"https:\/\/abinox-chr-clim.com\/index.php\/wp-json\/wp\/v2\/product_cat?post=68411"},{"taxonomy":"product_tag","embeddable":true,"href":"https:\/\/abinox-chr-clim.com\/index.php\/wp-json\/wp\/v2\/product_tag?post=68411"}],"curies":[{"name":"wp","href":"https:\/\/api.w.org\/{rel}","templated":true}]}}