{"id":68407,"date":"2024-03-22T16:10:57","date_gmt":"2024-03-22T15:10:57","guid":{"rendered":"https:\/\/abinox-chr-clim.com\/index.php\/product\/spatule-schneider-400mm\/"},"modified":"2026-04-02T09:35:54","modified_gmt":"2026-04-02T07:35:54","slug":"spatule-schneider-400mm","status":"publish","type":"product","link":"https:\/\/abinox-chr-clim.com\/index.php\/product\/spatule-schneider-400mm\/","title":{"rendered":"Spatule Schneider 400mm"},"content":{"rendered":"<p>Spatules tr\u00e8s r\u00e9sistantes pour m\u00e9langer les aliments jusqu&rsquo;\u00e0 une temp\u00e9rature de 220\u00b0C. Conformes aux r\u00e8gles d&rsquo;hygi\u00e8ne.<br \/>Haute qualit\u00e9. Renforc\u00e9e en fibre de verre. R\u00e9sistance \u00e0 la chaleur jusqu&rsquo;\u00e0 220\u00b0C. Hygienique. Lavable au lave-vaisselle.  Haute qualit\u00e9.<\/p>\n<p>Caract\u00e9ristiques :<br \/> Dimensions : 63(L) x 400(L) mm.<br \/> Mati\u00e8re : Polyamide\/Nylon.<br \/> Couleur : Blanc.<\/p>\n","protected":false},"excerpt":{"rendered":"<p>Spatule Schneider 400mm<\/p>\n","protected":false},"featured_media":103849,"comment_status":"closed","ping_status":"closed","template":"","meta":[],"product_brand":[],"product_cat":[1064,1297,1098,1104],"product_tag":[],"class_list":{"0":"post-68407","1":"product","2":"type-product","3":"status-publish","4":"has-post-thumbnail","6":"product_cat-cuisine","7":"product_cat-non-palettisable","8":"product_cat-ustensiles-cuisine","9":"product_cat-ustensiles-de-cuisine","10":"product_shipping_class-free-shipping","12":"first","13":"outofstock","14":"featured","15":"taxable","16":"shipping-taxable","17":"purchasable","18":"product-type-simple"},"_links":{"self":[{"href":"https:\/\/abinox-chr-clim.com\/index.php\/wp-json\/wp\/v2\/product\/68407","targetHints":{"allow":["GET"]}}],"collection":[{"href":"https:\/\/abinox-chr-clim.com\/index.php\/wp-json\/wp\/v2\/product"}],"about":[{"href":"https:\/\/abinox-chr-clim.com\/index.php\/wp-json\/wp\/v2\/types\/product"}],"replies":[{"embeddable":true,"href":"https:\/\/abinox-chr-clim.com\/index.php\/wp-json\/wp\/v2\/comments?post=68407"}],"wp:featuredmedia":[{"embeddable":true,"href":"https:\/\/abinox-chr-clim.com\/index.php\/wp-json\/wp\/v2\/media\/103849"}],"wp:attachment":[{"href":"https:\/\/abinox-chr-clim.com\/index.php\/wp-json\/wp\/v2\/media?parent=68407"}],"wp:term":[{"taxonomy":"product_brand","embeddable":true,"href":"https:\/\/abinox-chr-clim.com\/index.php\/wp-json\/wp\/v2\/product_brand?post=68407"},{"taxonomy":"product_cat","embeddable":true,"href":"https:\/\/abinox-chr-clim.com\/index.php\/wp-json\/wp\/v2\/product_cat?post=68407"},{"taxonomy":"product_tag","embeddable":true,"href":"https:\/\/abinox-chr-clim.com\/index.php\/wp-json\/wp\/v2\/product_tag?post=68407"}],"curies":[{"name":"wp","href":"https:\/\/api.w.org\/{rel}","templated":true}]}}