{"id":68403,"date":"2024-03-22T16:10:55","date_gmt":"2024-03-22T15:10:55","guid":{"rendered":"https:\/\/abinox-chr-clim.com\/index.php\/product\/tamis-a-farine-schneider-maille-1mm\/"},"modified":"2026-04-02T09:35:52","modified_gmt":"2026-04-02T07:35:52","slug":"tamis-a-farine-schneider-maille-1mm","status":"publish","type":"product","link":"https:\/\/abinox-chr-clim.com\/index.php\/product\/tamis-a-farine-schneider-maille-1mm\/","title":{"rendered":"Tamis \u00e0 farine Schneider maille 1mm"},"content":{"rendered":"<p>Tamis blanc \u00e0 maille fine en nylon. Facile \u00e0 nettoyer et compatible lave-vaisselle. 90(H) x 300(\u00d8)mm.<br \/>Blanc. Maille nylon. Facile \u00e0 nettoyer. Maille fine. Lavable au lave-vaisselle.  Blanc.<\/p>\n<p>Caract\u00e9ristiques :<br \/> Dimensions : 90(H) mm.<br \/> Mati\u00e8re : Polypropyl\u00e8ne.<br \/> Couleur : Blanc.<\/p>\n","protected":false},"excerpt":{"rendered":"<p>Tamis \u00e0 farine Schneider maille 1mm<\/p>\n","protected":false},"featured_media":103845,"comment_status":"closed","ping_status":"closed","template":"","meta":[],"product_brand":[],"product_cat":[1064,1297,1098,1104],"product_tag":[],"class_list":{"0":"post-68403","1":"product","2":"type-product","3":"status-publish","4":"has-post-thumbnail","6":"product_cat-cuisine","7":"product_cat-non-palettisable","8":"product_cat-ustensiles-cuisine","9":"product_cat-ustensiles-de-cuisine","10":"product_shipping_class-free-shipping","12":"first","13":"instock","14":"featured","15":"taxable","16":"shipping-taxable","17":"purchasable","18":"product-type-simple"},"_links":{"self":[{"href":"https:\/\/abinox-chr-clim.com\/index.php\/wp-json\/wp\/v2\/product\/68403","targetHints":{"allow":["GET"]}}],"collection":[{"href":"https:\/\/abinox-chr-clim.com\/index.php\/wp-json\/wp\/v2\/product"}],"about":[{"href":"https:\/\/abinox-chr-clim.com\/index.php\/wp-json\/wp\/v2\/types\/product"}],"replies":[{"embeddable":true,"href":"https:\/\/abinox-chr-clim.com\/index.php\/wp-json\/wp\/v2\/comments?post=68403"}],"wp:featuredmedia":[{"embeddable":true,"href":"https:\/\/abinox-chr-clim.com\/index.php\/wp-json\/wp\/v2\/media\/103845"}],"wp:attachment":[{"href":"https:\/\/abinox-chr-clim.com\/index.php\/wp-json\/wp\/v2\/media?parent=68403"}],"wp:term":[{"taxonomy":"product_brand","embeddable":true,"href":"https:\/\/abinox-chr-clim.com\/index.php\/wp-json\/wp\/v2\/product_brand?post=68403"},{"taxonomy":"product_cat","embeddable":true,"href":"https:\/\/abinox-chr-clim.com\/index.php\/wp-json\/wp\/v2\/product_cat?post=68403"},{"taxonomy":"product_tag","embeddable":true,"href":"https:\/\/abinox-chr-clim.com\/index.php\/wp-json\/wp\/v2\/product_tag?post=68403"}],"curies":[{"name":"wp","href":"https:\/\/api.w.org\/{rel}","templated":true}]}}