{"id":68401,"date":"2024-03-22T16:10:54","date_gmt":"2024-03-22T15:10:54","guid":{"rendered":"https:\/\/abinox-chr-clim.com\/index.php\/product\/fouet-inox-16-fils-schneider-400mm\/"},"modified":"2026-04-02T09:35:51","modified_gmt":"2026-04-02T07:35:51","slug":"fouet-inox-16-fils-schneider-400mm","status":"publish","type":"product","link":"https:\/\/abinox-chr-clim.com\/index.php\/product\/fouet-inox-16-fils-schneider-400mm\/","title":{"rendered":"Fouet inox 16 fils Schneider 400mm"},"content":{"rendered":"<p>Fouets en acier inoxydable avec manche thermoplastique r\u00e9sistant \u00e0 la chaleur jusqu&rsquo;\u00e0 200\u00b0C. 16 fils solides. Lavables au lave-vaisselle.<br \/>Haute qualit\u00e9. Manche noir avec crochet de suspension. R\u00e9sistance \u00e0 la chaleur jusqu&rsquo;\u00e0 220\u00b0C. Waterproof. Lavable au lave-vaisselle.  Haute qualit\u00e9.<\/p>\n<p>Caract\u00e9ristiques :<br \/> Dimensions : 400(L) x 80(\u00d8) mm.<br \/> Mati\u00e8re : Polypropyl\u00e8ne.<br \/> Couleur : Noir.<\/p>\n","protected":false},"excerpt":{"rendered":"<p>Fouet inox 16 fils Schneider 400mm<\/p>\n","protected":false},"featured_media":103843,"comment_status":"closed","ping_status":"closed","template":"","meta":[],"product_brand":[],"product_cat":[1064,1297,1098,1104],"product_tag":[],"class_list":{"0":"post-68401","1":"product","2":"type-product","3":"status-publish","4":"has-post-thumbnail","6":"product_cat-cuisine","7":"product_cat-non-palettisable","8":"product_cat-ustensiles-cuisine","9":"product_cat-ustensiles-de-cuisine","10":"product_shipping_class-free-shipping","12":"first","13":"outofstock","14":"featured","15":"taxable","16":"shipping-taxable","17":"purchasable","18":"product-type-simple"},"_links":{"self":[{"href":"https:\/\/abinox-chr-clim.com\/index.php\/wp-json\/wp\/v2\/product\/68401","targetHints":{"allow":["GET"]}}],"collection":[{"href":"https:\/\/abinox-chr-clim.com\/index.php\/wp-json\/wp\/v2\/product"}],"about":[{"href":"https:\/\/abinox-chr-clim.com\/index.php\/wp-json\/wp\/v2\/types\/product"}],"replies":[{"embeddable":true,"href":"https:\/\/abinox-chr-clim.com\/index.php\/wp-json\/wp\/v2\/comments?post=68401"}],"wp:featuredmedia":[{"embeddable":true,"href":"https:\/\/abinox-chr-clim.com\/index.php\/wp-json\/wp\/v2\/media\/103843"}],"wp:attachment":[{"href":"https:\/\/abinox-chr-clim.com\/index.php\/wp-json\/wp\/v2\/media?parent=68401"}],"wp:term":[{"taxonomy":"product_brand","embeddable":true,"href":"https:\/\/abinox-chr-clim.com\/index.php\/wp-json\/wp\/v2\/product_brand?post=68401"},{"taxonomy":"product_cat","embeddable":true,"href":"https:\/\/abinox-chr-clim.com\/index.php\/wp-json\/wp\/v2\/product_cat?post=68401"},{"taxonomy":"product_tag","embeddable":true,"href":"https:\/\/abinox-chr-clim.com\/index.php\/wp-json\/wp\/v2\/product_tag?post=68401"}],"curies":[{"name":"wp","href":"https:\/\/api.w.org\/{rel}","templated":true}]}}