{"id":68397,"date":"2024-03-22T16:10:53","date_gmt":"2024-03-22T15:10:53","guid":{"rendered":"https:\/\/abinox-chr-clim.com\/index.php\/product\/bouteille-souple-schneider-500ml\/"},"modified":"2026-04-02T09:48:22","modified_gmt":"2026-04-02T07:48:22","slug":"bouteille-souple-schneider-500ml","status":"publish","type":"product","link":"https:\/\/abinox-chr-clim.com\/index.php\/product\/bouteille-souple-schneider-500ml\/","title":{"rendered":"Bouteille souple Schneider 500ml"},"content":{"rendered":"<p>Bouteille en poly\u00e9thyl\u00e8ne transparente de qualit\u00e9 alimentaire pour garnir et d\u00e9corer avec pr\u00e9cision. Compatible lave-vaisselle.<br \/>Pour garnir, d\u00e9corer et contenir toutes sortes de pr\u00e9parations. Compatible lave-vaisselle. Transparent. Travail de pr\u00e9cision.  Pour garnir, d\u00e9corer et contenir toutes sortes de pr\u00e9parations.<\/p>\n<p>Caract\u00e9ristiques :<br \/> Capacit\u00e9 : 50 cl.<br \/> Dimensions : 170(H) x 80(\u00d8) mm.<br \/> Mati\u00e8re : Poly\u00e9thyl\u00e8ne.<br \/> Couleur : Transparent.<\/p>\n","protected":false},"excerpt":{"rendered":"<p>Bouteille souple Schneider 500ml<\/p>\n","protected":false},"featured_media":103825,"comment_status":"closed","ping_status":"closed","template":"","meta":[],"product_brand":[],"product_cat":[1064,1297,1098,1104],"product_tag":[],"class_list":{"0":"post-68397","1":"product","2":"type-product","3":"status-publish","4":"has-post-thumbnail","6":"product_cat-cuisine","7":"product_cat-non-palettisable","8":"product_cat-ustensiles-cuisine","9":"product_cat-ustensiles-de-cuisine","10":"product_shipping_class-free-shipping","12":"first","13":"outofstock","14":"featured","15":"taxable","16":"shipping-taxable","17":"purchasable","18":"product-type-simple"},"_links":{"self":[{"href":"https:\/\/abinox-chr-clim.com\/index.php\/wp-json\/wp\/v2\/product\/68397","targetHints":{"allow":["GET"]}}],"collection":[{"href":"https:\/\/abinox-chr-clim.com\/index.php\/wp-json\/wp\/v2\/product"}],"about":[{"href":"https:\/\/abinox-chr-clim.com\/index.php\/wp-json\/wp\/v2\/types\/product"}],"replies":[{"embeddable":true,"href":"https:\/\/abinox-chr-clim.com\/index.php\/wp-json\/wp\/v2\/comments?post=68397"}],"wp:featuredmedia":[{"embeddable":true,"href":"https:\/\/abinox-chr-clim.com\/index.php\/wp-json\/wp\/v2\/media\/103825"}],"wp:attachment":[{"href":"https:\/\/abinox-chr-clim.com\/index.php\/wp-json\/wp\/v2\/media?parent=68397"}],"wp:term":[{"taxonomy":"product_brand","embeddable":true,"href":"https:\/\/abinox-chr-clim.com\/index.php\/wp-json\/wp\/v2\/product_brand?post=68397"},{"taxonomy":"product_cat","embeddable":true,"href":"https:\/\/abinox-chr-clim.com\/index.php\/wp-json\/wp\/v2\/product_cat?post=68397"},{"taxonomy":"product_tag","embeddable":true,"href":"https:\/\/abinox-chr-clim.com\/index.php\/wp-json\/wp\/v2\/product_tag?post=68397"}],"curies":[{"name":"wp","href":"https:\/\/api.w.org\/{rel}","templated":true}]}}