{"id":68385,"date":"2024-03-22T16:10:48","date_gmt":"2024-03-22T15:10:48","guid":{"rendered":"https:\/\/abinox-chr-clim.com\/index.php\/product\/tamis-inox-tellier-30cm\/"},"modified":"2026-04-02T09:56:36","modified_gmt":"2026-04-02T07:56:36","slug":"tamis-inox-tellier-30cm","status":"publish","type":"product","link":"https:\/\/abinox-chr-clim.com\/index.php\/product\/tamis-inox-tellier-30cm\/","title":{"rendered":"Tamis inox Tellier 30cm"},"content":{"rendered":"<p>Taille de maille : 1,1 mm &#8211; performances de tamisage efficaces. Grand diam\u00e8tre de 300mm(\u00d8) pour tamiser de plus grandes quantit\u00e9s. Construction en acier inoxydable longue dur\u00e9e. Conception facile \u00e0 nettoyer qui fait gagner du temps &#8211; va au lave-vaisselle. Les parois hautes de 60 mm permettent un tamisage en plus grande quantit\u00e9.  Taille de maille : 1,1 mm &#8211; performances de tamisage efficaces.<\/p>\n<p>Caract\u00e9ristiques :<br \/> Dimensions : 60(H) x 300(\u00d8) mm.<br \/> Mati\u00e8re : Inox<\/p>\n","protected":false},"excerpt":{"rendered":"<p>Tamis inox Tellier 30cm<\/p>\n","protected":false},"featured_media":105229,"comment_status":"closed","ping_status":"closed","template":"","meta":[],"product_brand":[],"product_cat":[1064,1297,1098,1104],"product_tag":[],"class_list":{"0":"post-68385","1":"product","2":"type-product","3":"status-publish","4":"has-post-thumbnail","6":"product_cat-cuisine","7":"product_cat-non-palettisable","8":"product_cat-ustensiles-cuisine","9":"product_cat-ustensiles-de-cuisine","10":"product_shipping_class-free-shipping","12":"first","13":"instock","14":"featured","15":"taxable","16":"shipping-taxable","17":"purchasable","18":"product-type-simple"},"_links":{"self":[{"href":"https:\/\/abinox-chr-clim.com\/index.php\/wp-json\/wp\/v2\/product\/68385","targetHints":{"allow":["GET"]}}],"collection":[{"href":"https:\/\/abinox-chr-clim.com\/index.php\/wp-json\/wp\/v2\/product"}],"about":[{"href":"https:\/\/abinox-chr-clim.com\/index.php\/wp-json\/wp\/v2\/types\/product"}],"replies":[{"embeddable":true,"href":"https:\/\/abinox-chr-clim.com\/index.php\/wp-json\/wp\/v2\/comments?post=68385"}],"wp:featuredmedia":[{"embeddable":true,"href":"https:\/\/abinox-chr-clim.com\/index.php\/wp-json\/wp\/v2\/media\/105229"}],"wp:attachment":[{"href":"https:\/\/abinox-chr-clim.com\/index.php\/wp-json\/wp\/v2\/media?parent=68385"}],"wp:term":[{"taxonomy":"product_brand","embeddable":true,"href":"https:\/\/abinox-chr-clim.com\/index.php\/wp-json\/wp\/v2\/product_brand?post=68385"},{"taxonomy":"product_cat","embeddable":true,"href":"https:\/\/abinox-chr-clim.com\/index.php\/wp-json\/wp\/v2\/product_cat?post=68385"},{"taxonomy":"product_tag","embeddable":true,"href":"https:\/\/abinox-chr-clim.com\/index.php\/wp-json\/wp\/v2\/product_tag?post=68385"}],"curies":[{"name":"wp","href":"https:\/\/api.w.org\/{rel}","templated":true}]}}