{"id":68381,"date":"2024-03-22T16:10:46","date_gmt":"2024-03-22T15:10:46","guid":{"rendered":"https:\/\/abinox-chr-clim.com\/index.php\/product\/cuillere-a-glace-vogue-pastille-jaune-85ml\/"},"modified":"2026-04-02T09:14:09","modified_gmt":"2026-04-02T07:14:09","slug":"cuillere-a-glace-vogue-pastille-jaune-85ml","status":"publish","type":"product","link":"https:\/\/abinox-chr-clim.com\/index.php\/product\/cuillere-a-glace-vogue-pastille-jaune-85ml\/","title":{"rendered":"Cuill\u00e8re \u00e0 glace Vogue pastille jaune 85ml"},"content":{"rendered":"<p>Cuill\u00e8re de haute qualit\u00e9 capable de r\u00e9sister \u00e0 une utilisation r\u00e9guli\u00e8re sans \u00eatre endommag\u00e9e. Lavage \u00e0 la main uniquement. La grande taille de la cuill\u00e8re permet de recueillir 12 portions par litre. La poign\u00e9e est remplie d&rsquo;un liquide conducteur pour \u00e9viter que les mains ne deviennent froides. L&rsquo;extr\u00e9mit\u00e9 num\u00e9rot\u00e9e et cod\u00e9e par couleur permet une identification facile.  Cuill\u00e8re de haute qualit\u00e9 capable de r\u00e9sister \u00e0 une utilisation r\u00e9guli\u00e8re sans \u00eatre endommag\u00e9e.<\/p>\n<p>Caract\u00e9ristiques :<br \/> Capacit\u00e9 : 85ml.<br \/> Dimensions : 180(L)mm.<br \/> Mati\u00e8re : Aluminium<\/p>\n","protected":false},"excerpt":{"rendered":"<p>Cuill\u00e8re \u00e0 glace Vogue pastille jaune 85ml<\/p>\n","protected":false},"featured_media":101917,"comment_status":"closed","ping_status":"closed","template":"","meta":[],"product_brand":[],"product_cat":[1064,1297,1098,1104],"product_tag":[],"class_list":{"0":"post-68381","1":"product","2":"type-product","3":"status-publish","4":"has-post-thumbnail","6":"product_cat-cuisine","7":"product_cat-non-palettisable","8":"product_cat-ustensiles-cuisine","9":"product_cat-ustensiles-de-cuisine","10":"product_shipping_class-free-shipping","12":"first","13":"instock","14":"featured","15":"taxable","16":"shipping-taxable","17":"purchasable","18":"product-type-simple"},"_links":{"self":[{"href":"https:\/\/abinox-chr-clim.com\/index.php\/wp-json\/wp\/v2\/product\/68381","targetHints":{"allow":["GET"]}}],"collection":[{"href":"https:\/\/abinox-chr-clim.com\/index.php\/wp-json\/wp\/v2\/product"}],"about":[{"href":"https:\/\/abinox-chr-clim.com\/index.php\/wp-json\/wp\/v2\/types\/product"}],"replies":[{"embeddable":true,"href":"https:\/\/abinox-chr-clim.com\/index.php\/wp-json\/wp\/v2\/comments?post=68381"}],"wp:featuredmedia":[{"embeddable":true,"href":"https:\/\/abinox-chr-clim.com\/index.php\/wp-json\/wp\/v2\/media\/101917"}],"wp:attachment":[{"href":"https:\/\/abinox-chr-clim.com\/index.php\/wp-json\/wp\/v2\/media?parent=68381"}],"wp:term":[{"taxonomy":"product_brand","embeddable":true,"href":"https:\/\/abinox-chr-clim.com\/index.php\/wp-json\/wp\/v2\/product_brand?post=68381"},{"taxonomy":"product_cat","embeddable":true,"href":"https:\/\/abinox-chr-clim.com\/index.php\/wp-json\/wp\/v2\/product_cat?post=68381"},{"taxonomy":"product_tag","embeddable":true,"href":"https:\/\/abinox-chr-clim.com\/index.php\/wp-json\/wp\/v2\/product_tag?post=68381"}],"curies":[{"name":"wp","href":"https:\/\/api.w.org\/{rel}","templated":true}]}}