{"id":68379,"date":"2024-03-22T16:10:45","date_gmt":"2024-03-22T15:10:45","guid":{"rendered":"https:\/\/abinox-chr-clim.com\/index.php\/product\/machine-a-pates-vogue-198mm\/"},"modified":"2026-04-02T08:51:05","modified_gmt":"2026-04-02T06:51:05","slug":"machine-a-pates-vogue-198mm","status":"publish","type":"product","link":"https:\/\/abinox-chr-clim.com\/index.php\/product\/machine-a-pates-vogue-198mm\/","title":{"rendered":"Machine \u00e0 p\u00e2tes Vogue 198mm"},"content":{"rendered":"<p>Machine \u00e0 p\u00e2tes en acier chrom\u00e9 avec rouleaux plaqu\u00e9s nickel. Epaisseurs de p\u00e2te variables et deux largeurs possibles.<br \/>Produit de la p\u00e2te en deux largeurs et diff\u00e9rentes \u00e9paisseurs. La conception en acier chrom\u00e9 garantit une utilisation durable. Les rouleaux nickel\u00e9s emp\u00eachent la contamination des aliments. Le couteau \u00e0 raviolis s&rsquo;adapte simplement pour des r\u00e9sultats parfaits. Produit de la p\u00e2te en deux largeurs et diff\u00e9rentes \u00e9paisseurs.<\/p>\n<p>Caract\u00e9ristiques :<br \/> Dimensions : 158(H)x 245(L)x 198(P)mm.<br \/> Mati\u00e8re : Inox.<br \/> Couleur : Argent.<\/p>\n","protected":false},"excerpt":{"rendered":"<p>Machine \u00e0 p\u00e2tes Vogue 198mm<\/p>\n","protected":false},"featured_media":101624,"comment_status":"closed","ping_status":"closed","template":"","meta":[],"product_brand":[],"product_cat":[1064,1297,1098,1104],"product_tag":[],"class_list":{"0":"post-68379","1":"product","2":"type-product","3":"status-publish","4":"has-post-thumbnail","6":"product_cat-cuisine","7":"product_cat-non-palettisable","8":"product_cat-ustensiles-cuisine","9":"product_cat-ustensiles-de-cuisine","10":"product_shipping_class-free-shipping","12":"first","13":"instock","14":"featured","15":"taxable","16":"shipping-taxable","17":"purchasable","18":"product-type-simple"},"_links":{"self":[{"href":"https:\/\/abinox-chr-clim.com\/index.php\/wp-json\/wp\/v2\/product\/68379","targetHints":{"allow":["GET"]}}],"collection":[{"href":"https:\/\/abinox-chr-clim.com\/index.php\/wp-json\/wp\/v2\/product"}],"about":[{"href":"https:\/\/abinox-chr-clim.com\/index.php\/wp-json\/wp\/v2\/types\/product"}],"replies":[{"embeddable":true,"href":"https:\/\/abinox-chr-clim.com\/index.php\/wp-json\/wp\/v2\/comments?post=68379"}],"wp:featuredmedia":[{"embeddable":true,"href":"https:\/\/abinox-chr-clim.com\/index.php\/wp-json\/wp\/v2\/media\/101624"}],"wp:attachment":[{"href":"https:\/\/abinox-chr-clim.com\/index.php\/wp-json\/wp\/v2\/media?parent=68379"}],"wp:term":[{"taxonomy":"product_brand","embeddable":true,"href":"https:\/\/abinox-chr-clim.com\/index.php\/wp-json\/wp\/v2\/product_brand?post=68379"},{"taxonomy":"product_cat","embeddable":true,"href":"https:\/\/abinox-chr-clim.com\/index.php\/wp-json\/wp\/v2\/product_cat?post=68379"},{"taxonomy":"product_tag","embeddable":true,"href":"https:\/\/abinox-chr-clim.com\/index.php\/wp-json\/wp\/v2\/product_tag?post=68379"}],"curies":[{"name":"wp","href":"https:\/\/api.w.org\/{rel}","templated":true}]}}