{"id":68376,"date":"2024-03-22T16:10:42","date_gmt":"2024-03-22T15:10:42","guid":{"rendered":"https:\/\/abinox-chr-clim.com\/index.php\/product\/spatule-coudee-anti-chaleur-mercer-culinary-hells-handle\/"},"modified":"2026-04-02T08:51:01","modified_gmt":"2026-04-02T06:51:01","slug":"spatule-coudee-anti-chaleur-mercer-culinary-hells-handle","status":"publish","type":"product","link":"https:\/\/abinox-chr-clim.com\/index.php\/product\/spatule-coudee-anti-chaleur-mercer-culinary-hells-handle\/","title":{"rendered":"Spatule coud\u00e9e anti chaleur Mercer Culinary Hells Handle"},"content":{"rendered":"<p>Spatule coud\u00e9e en acier inoxydable simple et robuste. Manche sp\u00e9cialement con\u00e7u pour r\u00e9sister \u00e0 la chaleur et anti-d\u00e9rapant pour une meilleure adh\u00e9rence et r\u00e9sistance au glissementCaract\u00e9ristiques :<br \/> Dimensions : 205(L) mm.<br \/> Mati\u00e8re : Inox.<br \/> Couleur : Violet.<\/p>\n","protected":false},"excerpt":{"rendered":"<p>Spatule coud\u00e9e anti chaleur Mercer Culinary Hells Handle<\/p>\n","protected":false},"featured_media":101621,"comment_status":"closed","ping_status":"closed","template":"","meta":[],"product_brand":[],"product_cat":[1064,1297,1098,1104],"product_tag":[],"class_list":{"0":"post-68376","1":"product","2":"type-product","3":"status-publish","4":"has-post-thumbnail","6":"product_cat-cuisine","7":"product_cat-non-palettisable","8":"product_cat-ustensiles-cuisine","9":"product_cat-ustensiles-de-cuisine","10":"product_shipping_class-free-shipping","12":"first","13":"instock","14":"featured","15":"taxable","16":"shipping-taxable","17":"purchasable","18":"product-type-simple"},"_links":{"self":[{"href":"https:\/\/abinox-chr-clim.com\/index.php\/wp-json\/wp\/v2\/product\/68376","targetHints":{"allow":["GET"]}}],"collection":[{"href":"https:\/\/abinox-chr-clim.com\/index.php\/wp-json\/wp\/v2\/product"}],"about":[{"href":"https:\/\/abinox-chr-clim.com\/index.php\/wp-json\/wp\/v2\/types\/product"}],"replies":[{"embeddable":true,"href":"https:\/\/abinox-chr-clim.com\/index.php\/wp-json\/wp\/v2\/comments?post=68376"}],"wp:featuredmedia":[{"embeddable":true,"href":"https:\/\/abinox-chr-clim.com\/index.php\/wp-json\/wp\/v2\/media\/101621"}],"wp:attachment":[{"href":"https:\/\/abinox-chr-clim.com\/index.php\/wp-json\/wp\/v2\/media?parent=68376"}],"wp:term":[{"taxonomy":"product_brand","embeddable":true,"href":"https:\/\/abinox-chr-clim.com\/index.php\/wp-json\/wp\/v2\/product_brand?post=68376"},{"taxonomy":"product_cat","embeddable":true,"href":"https:\/\/abinox-chr-clim.com\/index.php\/wp-json\/wp\/v2\/product_cat?post=68376"},{"taxonomy":"product_tag","embeddable":true,"href":"https:\/\/abinox-chr-clim.com\/index.php\/wp-json\/wp\/v2\/product_tag?post=68376"}],"curies":[{"name":"wp","href":"https:\/\/api.w.org\/{rel}","templated":true}]}}