{"id":68374,"date":"2024-03-22T16:10:42","date_gmt":"2024-03-22T15:10:42","guid":{"rendered":"https:\/\/abinox-chr-clim.com\/index.php\/product\/pelle-a-poisson-resistant-a-la-chaleur-hells-handle-mercer-culinary\/"},"modified":"2025-11-11T07:54:28","modified_gmt":"2025-11-11T06:54:28","slug":"pelle-a-poisson-resistant-a-la-chaleur-hells-handle-mercer-culinary","status":"publish","type":"product","link":"https:\/\/abinox-chr-clim.com\/index.php\/product\/pelle-a-poisson-resistant-a-la-chaleur-hells-handle-mercer-culinary\/","title":{"rendered":"Pelle \u00e0 poisson r\u00e9sistant \u00e0 la chaleur Hells Handle Mercer Culinary"},"content":{"rendered":"<p>Pelle \u00e0 poisson en acier inoxydable avec manche anti chaleur. Manche antid\u00e9rapant pour une meilleure adh\u00e9rence et r\u00e9sistance au glissement.<br \/>Manche r\u00e9sistant \u00e0 la chaleur sp\u00e9cialement con\u00e7u. Le manche est r\u00e9sistant \u00e0 la chaleur jusqu&rsquo;\u00e0\u00a0232\u00b0C. Le manche absorbe 50% de chaleur en moins que les poign\u00e9es en polypropyl\u00e8ne ordinaires. Le manche textur\u00e9e offre une prise suppl\u00e9mentaire. T\u00eate en acier inoxydable.  Manche r\u00e9sistant \u00e0 la chaleur sp\u00e9cialement con\u00e7u.<\/p>\n<p>Caract\u00e9ristiques :<br \/> Dimensions : 152(L) mm.<br \/> Mati\u00e8re : Inox.<br \/> Couleur : Violet.<\/p>\n","protected":false},"excerpt":{"rendered":"<p>Pelle \u00e0 poisson r\u00e9sistant \u00e0 la chaleur Hells Handle Mercer Culinary<\/p>\n","protected":false},"featured_media":101619,"comment_status":"closed","ping_status":"closed","template":"","meta":[],"product_brand":[],"product_cat":[1064,1297,1098,1104],"product_tag":[],"class_list":{"0":"post-68374","1":"product","2":"type-product","3":"status-publish","4":"has-post-thumbnail","6":"product_cat-cuisine","7":"product_cat-non-palettisable","8":"product_cat-ustensiles-cuisine","9":"product_cat-ustensiles-de-cuisine","10":"product_shipping_class-free-shipping","12":"first","13":"outofstock","14":"featured","15":"taxable","16":"shipping-taxable","17":"purchasable","18":"product-type-simple"},"_links":{"self":[{"href":"https:\/\/abinox-chr-clim.com\/index.php\/wp-json\/wp\/v2\/product\/68374","targetHints":{"allow":["GET"]}}],"collection":[{"href":"https:\/\/abinox-chr-clim.com\/index.php\/wp-json\/wp\/v2\/product"}],"about":[{"href":"https:\/\/abinox-chr-clim.com\/index.php\/wp-json\/wp\/v2\/types\/product"}],"replies":[{"embeddable":true,"href":"https:\/\/abinox-chr-clim.com\/index.php\/wp-json\/wp\/v2\/comments?post=68374"}],"wp:featuredmedia":[{"embeddable":true,"href":"https:\/\/abinox-chr-clim.com\/index.php\/wp-json\/wp\/v2\/media\/101619"}],"wp:attachment":[{"href":"https:\/\/abinox-chr-clim.com\/index.php\/wp-json\/wp\/v2\/media?parent=68374"}],"wp:term":[{"taxonomy":"product_brand","embeddable":true,"href":"https:\/\/abinox-chr-clim.com\/index.php\/wp-json\/wp\/v2\/product_brand?post=68374"},{"taxonomy":"product_cat","embeddable":true,"href":"https:\/\/abinox-chr-clim.com\/index.php\/wp-json\/wp\/v2\/product_cat?post=68374"},{"taxonomy":"product_tag","embeddable":true,"href":"https:\/\/abinox-chr-clim.com\/index.php\/wp-json\/wp\/v2\/product_tag?post=68374"}],"curies":[{"name":"wp","href":"https:\/\/api.w.org\/{rel}","templated":true}]}}