{"id":68344,"date":"2024-03-22T16:10:28","date_gmt":"2024-03-22T15:10:28","guid":{"rendered":"https:\/\/abinox-chr-clim.com\/index.php\/product\/plat-carre-en-verre-pyrex-210mm\/"},"modified":"2026-04-02T08:47:00","modified_gmt":"2026-04-02T06:47:00","slug":"plat-carre-en-verre-pyrex-210mm","status":"publish","type":"product","link":"https:\/\/abinox-chr-clim.com\/index.php\/product\/plat-carre-en-verre-pyrex-210mm\/","title":{"rendered":"Plat carr\u00e9 en verre Pyrex 210mm"},"content":{"rendered":"<p>Plats \u00e0 r\u00f4tir en verre ayant une grande r\u00e9sistance aux chocs thermiques. Parfaits pour servir directement du four \u00e0 la table, ces plats conviennent \u00e9galement pour le stockage des aliments. Compatibles four, micro-ondes et lave-vaisselle.<br \/>Haute r\u00e9sistance thermique &#8211; Compatible four, micro-ondes et lave-vaisselle.Facile \u00e0 nettoyer &#8211; passe au lave-vaisselle. Design \u00e9l\u00e9gant avec poign\u00e9es lat\u00e9rales pour un positionnement facile. Verre Pyrex transparent &#8211; ne retient pas les saveurs ou les taches apr\u00e8s le nettoyage. Favorise une cuisson uniforme &#8211; pas de points chauds et une cuisson homog\u00e8ne.  Haute r\u00e9sistance thermique &#8211; Compatible four, micro-ondes et lave-vaisselle. .<br \/> Caract\u00e9ristiques :<br \/> Dimensions : 210(L) x 210(P)mm.<br \/> Mati\u00e8re : Verre.<br \/> Couleur : Transparent.<\/p>\n","protected":false},"excerpt":{"rendered":"<p>Plat carr\u00e9 en verre Pyrex 210mm<\/p>\n","protected":false},"featured_media":101211,"comment_status":"closed","ping_status":"closed","template":"","meta":[],"product_brand":[],"product_cat":[1064,1297,1098,1104],"product_tag":[],"class_list":{"0":"post-68344","1":"product","2":"type-product","3":"status-publish","4":"has-post-thumbnail","6":"product_cat-cuisine","7":"product_cat-non-palettisable","8":"product_cat-ustensiles-cuisine","9":"product_cat-ustensiles-de-cuisine","10":"product_shipping_class-free-shipping","12":"first","13":"instock","14":"featured","15":"taxable","16":"shipping-taxable","17":"purchasable","18":"product-type-simple"},"_links":{"self":[{"href":"https:\/\/abinox-chr-clim.com\/index.php\/wp-json\/wp\/v2\/product\/68344","targetHints":{"allow":["GET"]}}],"collection":[{"href":"https:\/\/abinox-chr-clim.com\/index.php\/wp-json\/wp\/v2\/product"}],"about":[{"href":"https:\/\/abinox-chr-clim.com\/index.php\/wp-json\/wp\/v2\/types\/product"}],"replies":[{"embeddable":true,"href":"https:\/\/abinox-chr-clim.com\/index.php\/wp-json\/wp\/v2\/comments?post=68344"}],"wp:featuredmedia":[{"embeddable":true,"href":"https:\/\/abinox-chr-clim.com\/index.php\/wp-json\/wp\/v2\/media\/101211"}],"wp:attachment":[{"href":"https:\/\/abinox-chr-clim.com\/index.php\/wp-json\/wp\/v2\/media?parent=68344"}],"wp:term":[{"taxonomy":"product_brand","embeddable":true,"href":"https:\/\/abinox-chr-clim.com\/index.php\/wp-json\/wp\/v2\/product_brand?post=68344"},{"taxonomy":"product_cat","embeddable":true,"href":"https:\/\/abinox-chr-clim.com\/index.php\/wp-json\/wp\/v2\/product_cat?post=68344"},{"taxonomy":"product_tag","embeddable":true,"href":"https:\/\/abinox-chr-clim.com\/index.php\/wp-json\/wp\/v2\/product_tag?post=68344"}],"curies":[{"name":"wp","href":"https:\/\/api.w.org\/{rel}","templated":true}]}}