{"id":68341,"date":"2024-03-22T16:10:27","date_gmt":"2024-03-22T15:10:27","guid":{"rendered":"https:\/\/abinox-chr-clim.com\/index.php\/product\/saliere-aluminium\/"},"modified":"2026-04-02T08:46:40","modified_gmt":"2026-04-02T06:46:40","slug":"saliere-aluminium","status":"publish","type":"product","link":"https:\/\/abinox-chr-clim.com\/index.php\/product\/saliere-aluminium\/","title":{"rendered":"Sali\u00e8re aluminium"},"content":{"rendered":"<p>Sali\u00e8re aluminium grande capacit\u00e9 avec bouchon \u00e0 vis facilitant le remplissage.<br \/>Tr\u00e8s robuste. Grande capacit\u00e9. Partie haute amovible pour un remplissage facile. Tr\u00e8s robuste.<\/p>\n<p>Caract\u00e9ristiques :<br \/> Dimensions : 175(H) x 80(\u00d8) mm.<br \/> Mati\u00e8re : Aluminium.<br \/> Couleur : Argent.<\/p>\n","protected":false},"excerpt":{"rendered":"<p>Sali\u00e8re aluminium<\/p>\n","protected":false},"featured_media":101184,"comment_status":"closed","ping_status":"closed","template":"","meta":[],"product_brand":[],"product_cat":[1064,1297,1098,1104],"product_tag":[],"class_list":{"0":"post-68341","1":"product","2":"type-product","3":"status-publish","4":"has-post-thumbnail","6":"product_cat-cuisine","7":"product_cat-non-palettisable","8":"product_cat-ustensiles-cuisine","9":"product_cat-ustensiles-de-cuisine","10":"product_shipping_class-free-shipping","12":"first","13":"instock","14":"featured","15":"taxable","16":"shipping-taxable","17":"purchasable","18":"product-type-simple"},"_links":{"self":[{"href":"https:\/\/abinox-chr-clim.com\/index.php\/wp-json\/wp\/v2\/product\/68341","targetHints":{"allow":["GET"]}}],"collection":[{"href":"https:\/\/abinox-chr-clim.com\/index.php\/wp-json\/wp\/v2\/product"}],"about":[{"href":"https:\/\/abinox-chr-clim.com\/index.php\/wp-json\/wp\/v2\/types\/product"}],"replies":[{"embeddable":true,"href":"https:\/\/abinox-chr-clim.com\/index.php\/wp-json\/wp\/v2\/comments?post=68341"}],"wp:featuredmedia":[{"embeddable":true,"href":"https:\/\/abinox-chr-clim.com\/index.php\/wp-json\/wp\/v2\/media\/101184"}],"wp:attachment":[{"href":"https:\/\/abinox-chr-clim.com\/index.php\/wp-json\/wp\/v2\/media?parent=68341"}],"wp:term":[{"taxonomy":"product_brand","embeddable":true,"href":"https:\/\/abinox-chr-clim.com\/index.php\/wp-json\/wp\/v2\/product_brand?post=68341"},{"taxonomy":"product_cat","embeddable":true,"href":"https:\/\/abinox-chr-clim.com\/index.php\/wp-json\/wp\/v2\/product_cat?post=68341"},{"taxonomy":"product_tag","embeddable":true,"href":"https:\/\/abinox-chr-clim.com\/index.php\/wp-json\/wp\/v2\/product_tag?post=68341"}],"curies":[{"name":"wp","href":"https:\/\/api.w.org\/{rel}","templated":true}]}}