{"id":68338,"date":"2024-03-22T16:10:26","date_gmt":"2024-03-22T15:10:26","guid":{"rendered":"https:\/\/abinox-chr-clim.com\/index.php\/product\/pince-de-service-blanche-a-code-couleur-hygiplas-405-mm\/"},"modified":"2025-08-26T13:48:03","modified_gmt":"2025-08-26T11:48:03","slug":"pince-de-service-blanche-a-code-couleur-hygiplas-405-mm","status":"publish","type":"product","link":"https:\/\/abinox-chr-clim.com\/index.php\/product\/pince-de-service-blanche-a-code-couleur-hygiplas-405-mm\/","title":{"rendered":"Pince de service blanche \u00e0 code couleur Hygiplas 405 mm"},"content":{"rendered":"<p>Les pinces de service en acier inoxydable recouvertes de vinyle et cod\u00e9es par couleur permettent d&rsquo;\u00e9viter toute contamination crois\u00e9e lors du service. De par leur conception, elles n&rsquo;offrent aucun creux ou pli pouvant contenir des bact\u00e9ries. Disponibles en 290mm ou 400mm de long pour r\u00e9pondre \u00e0 vos besoins.<br \/>Les poign\u00e9es recouvertes de vinyle augmentent l&rsquo;adh\u00e9rence pour un contr\u00f4le total dans votre main. La sensation en main vous aide \u00e0 retourner, dresser ou servir plus longtemps sans inconfort. La conception hygi\u00e9nique et \u00e9l\u00e9gante ne laisse aucun endroit o\u00f9 les restes alimentaires peuvent s&rsquo;accumuler. L&rsquo;absence de vides ou de creux garantit que les pinces sont plus rapides et plus faciles \u00e0 nettoyer. La conception ambidextre est aussi confortable pour une utilisation \u00e0 gauche ou \u00e0 droite. Poign\u00e9e blanche \u00e0 code couleur facilement identifiable pour les produits de boulangerie\/laitiers.  Les poign\u00e9es recouvertes de vinyle augmentent l&rsquo;adh\u00e9rence pour un contr\u00f4le total dans votre main.<\/p>\n<p>Caract\u00e9ristiques :<br \/> Dimensions : 120(H) x 375(L) mm.<br \/> Mati\u00e8re : Inox.<br \/> Couleur : Blanc.<\/p>\n","protected":false},"excerpt":{"rendered":"<p>Pince de service blanche \u00e0 code couleur Hygiplas 405 mm<\/p>\n","protected":false},"featured_media":101099,"comment_status":"closed","ping_status":"closed","template":"","meta":[],"product_brand":[],"product_cat":[1064,1297,1098,1104],"product_tag":[],"class_list":{"0":"post-68338","1":"product","2":"type-product","3":"status-publish","4":"has-post-thumbnail","6":"product_cat-cuisine","7":"product_cat-non-palettisable","8":"product_cat-ustensiles-cuisine","9":"product_cat-ustensiles-de-cuisine","10":"product_shipping_class-free-shipping","12":"first","13":"outofstock","14":"featured","15":"taxable","16":"shipping-taxable","17":"purchasable","18":"product-type-simple"},"_links":{"self":[{"href":"https:\/\/abinox-chr-clim.com\/index.php\/wp-json\/wp\/v2\/product\/68338","targetHints":{"allow":["GET"]}}],"collection":[{"href":"https:\/\/abinox-chr-clim.com\/index.php\/wp-json\/wp\/v2\/product"}],"about":[{"href":"https:\/\/abinox-chr-clim.com\/index.php\/wp-json\/wp\/v2\/types\/product"}],"replies":[{"embeddable":true,"href":"https:\/\/abinox-chr-clim.com\/index.php\/wp-json\/wp\/v2\/comments?post=68338"}],"wp:featuredmedia":[{"embeddable":true,"href":"https:\/\/abinox-chr-clim.com\/index.php\/wp-json\/wp\/v2\/media\/101099"}],"wp:attachment":[{"href":"https:\/\/abinox-chr-clim.com\/index.php\/wp-json\/wp\/v2\/media?parent=68338"}],"wp:term":[{"taxonomy":"product_brand","embeddable":true,"href":"https:\/\/abinox-chr-clim.com\/index.php\/wp-json\/wp\/v2\/product_brand?post=68338"},{"taxonomy":"product_cat","embeddable":true,"href":"https:\/\/abinox-chr-clim.com\/index.php\/wp-json\/wp\/v2\/product_cat?post=68338"},{"taxonomy":"product_tag","embeddable":true,"href":"https:\/\/abinox-chr-clim.com\/index.php\/wp-json\/wp\/v2\/product_tag?post=68338"}],"curies":[{"name":"wp","href":"https:\/\/api.w.org\/{rel}","templated":true}]}}