{"id":68330,"date":"2024-03-22T16:10:23","date_gmt":"2024-03-22T15:10:23","guid":{"rendered":"https:\/\/abinox-chr-clim.com\/index.php\/product\/chinois-vogue-200mm\/"},"modified":"2026-04-02T08:44:33","modified_gmt":"2026-04-02T06:44:33","slug":"chinois-vogue-200mm","status":"publish","type":"product","link":"https:\/\/abinox-chr-clim.com\/index.php\/product\/chinois-vogue-200mm\/","title":{"rendered":"Chinois Vogue 200mm"},"content":{"rendered":"<p>Maille solide et fine en acier inoxydable &#8211; microns : 26. La barre de renfort prot\u00e8ge la maille des dommages. Conception facile \u00e0 nettoyer. Poign\u00e9e int\u00e9gr\u00e9e &#8211; facile \u00e0 positionner et \u00e0 transporter. La poign\u00e9e comporte un crochet de suspension pour un acc\u00e8s rapide et un rangement facile. La forme conique canalise les aliments dans la maille.  Maille solide et fine en acier inoxydable &#8211; microns : 26.<\/p>\n<p>Caract\u00e9ristiques :<br \/> Dimensions : 200mm.<br \/> Mati\u00e8re : Acier inoxydable<\/p>\n","protected":false},"excerpt":{"rendered":"<p>Chinois Vogue 200mm<\/p>\n","protected":false},"featured_media":95870,"comment_status":"closed","ping_status":"closed","template":"","meta":[],"product_brand":[],"product_cat":[1064,1297,1098,1104],"product_tag":[],"class_list":{"0":"post-68330","1":"product","2":"type-product","3":"status-publish","4":"has-post-thumbnail","6":"product_cat-cuisine","7":"product_cat-non-palettisable","8":"product_cat-ustensiles-cuisine","9":"product_cat-ustensiles-de-cuisine","10":"product_shipping_class-free-shipping","12":"first","13":"instock","14":"featured","15":"taxable","16":"shipping-taxable","17":"purchasable","18":"product-type-simple"},"_links":{"self":[{"href":"https:\/\/abinox-chr-clim.com\/index.php\/wp-json\/wp\/v2\/product\/68330","targetHints":{"allow":["GET"]}}],"collection":[{"href":"https:\/\/abinox-chr-clim.com\/index.php\/wp-json\/wp\/v2\/product"}],"about":[{"href":"https:\/\/abinox-chr-clim.com\/index.php\/wp-json\/wp\/v2\/types\/product"}],"replies":[{"embeddable":true,"href":"https:\/\/abinox-chr-clim.com\/index.php\/wp-json\/wp\/v2\/comments?post=68330"}],"wp:featuredmedia":[{"embeddable":true,"href":"https:\/\/abinox-chr-clim.com\/index.php\/wp-json\/wp\/v2\/media\/95870"}],"wp:attachment":[{"href":"https:\/\/abinox-chr-clim.com\/index.php\/wp-json\/wp\/v2\/media?parent=68330"}],"wp:term":[{"taxonomy":"product_brand","embeddable":true,"href":"https:\/\/abinox-chr-clim.com\/index.php\/wp-json\/wp\/v2\/product_brand?post=68330"},{"taxonomy":"product_cat","embeddable":true,"href":"https:\/\/abinox-chr-clim.com\/index.php\/wp-json\/wp\/v2\/product_cat?post=68330"},{"taxonomy":"product_tag","embeddable":true,"href":"https:\/\/abinox-chr-clim.com\/index.php\/wp-json\/wp\/v2\/product_tag?post=68330"}],"curies":[{"name":"wp","href":"https:\/\/api.w.org\/{rel}","templated":true}]}}